{"id":5,"date":"2014-11-11T11:09:47","date_gmt":"2014-11-11T11:09:47","guid":{"rendered":"http:\/\/anpsthemes.com\/constructo\/?page_id=5"},"modified":"2024-09-01T13:32:15","modified_gmt":"2024-09-01T10:32:15","slug":"home","status":"publish","type":"page","link":"https:\/\/www.kocglobalgroup.com.tr\/en\/","title":{"rendered":"HOME"},"content":{"rendered":"<div class=\"wpb-content-wrapper\"><div class=\"vc_row wpb_row vc_row-fluid\"><div class=\"wpb_column vc_column_container vc_col-sm-12\"><div class=\"vc_column-inner\"><div class=\"wpb_wrapper\">\n\t\t\t\t<p class=\"rs-p-wp-fix\"><\/p>\n\t\t\t\t<sr7-module data-alias=\"main-slider1\" data-id=\"2\" id=\"SR7_2_1\" class=\"rs-ov-hidden\" data-version=\"6.7.15\">\n\t\t\t\t\t<sr7-adjuster><\/sr7-adjuster>\n\t\t\t\t\t<sr7-content>\n\t\t\t\t\t\t<sr7-slide id=\"SR7_2_1-8\" data-key=\"8\">\n\t\t\t\t\t\t\t<sr7-bg id=\"SR7_2_1-8-1\" class=\"sr7-layer\"><noscript><img decoding=\"async\" src=\"https:\/\/www.kocglobalgroup.com.tr\/wp-content\/uploads\/2024\/08\/HFYDTRSE-1.jpg\" alt=\"\" title=\"HFYDTRSE-1\"><\/noscript><\/sr7-bg>\n\t\t\t\t\t\t<\/sr7-slide>\n\t\t\t\t\t\t<sr7-slide id=\"SR7_2_1-10\" data-key=\"10\">\n\t\t\t\t\t\t\t<sr7-bg id=\"SR7_2_1-10-5\" class=\"sr7-layer\"><noscript><img decoding=\"async\" src=\"https:\/\/www.kocglobalgroup.com.tr\/wp-content\/uploads\/2024\/08\/HFYDTRSE-1.jpg\" alt=\"\" title=\"HFYDTRSE-1\"><\/noscript><\/sr7-bg>\n\t\t\t\t\t\t\t<sr7-txt id=\"SR7_2_1-10-4\" class=\"sr7-layer\">METAL GRUBU<\/sr7-txt>\n\t\t\t\t\t\t<\/sr7-slide>\n\t\t\t\t\t\t<sr7-slide id=\"SR7_2_1-11\" data-key=\"11\">\n\t\t\t\t\t\t\t<sr7-bg id=\"SR7_2_1-11-9\" class=\"sr7-layer\"><noscript><img decoding=\"async\" src=\"https:\/\/www.kocglobalgroup.com.tr\/wp-content\/uploads\/2024\/08\/dtsrtaw.jpg\" alt=\"\" title=\"dtsrtaw\"><\/noscript><\/sr7-bg>\n\t\t\t\t\t\t\t<sr7-txt id=\"SR7_2_1-11-8\" class=\"sr7-layer\">H\u0130JYEN VE TEM\u0130ZL\u0130K \u00dcR\u00dcNLER\u0130\t<\/sr7-txt>\n\t\t\t\t\t\t<\/sr7-slide>\n\t\t\t\t\t\t<sr7-slide id=\"SR7_2_1-12\" data-key=\"12\">\n\t\t\t\t\t\t\t<sr7-bg id=\"SR7_2_1-12-9\" class=\"sr7-layer\"><noscript><img decoding=\"async\" src=\"https:\/\/www.kocglobalgroup.com.tr\/wp-content\/uploads\/2024\/08\/oiuytre.jpg\" alt=\"\" title=\"oiuytre\"><\/noscript><\/sr7-bg>\n\t\t\t\t\t\t\t<sr7-txt id=\"SR7_2_1-12-8\" class=\"sr7-layer\">GIDA \u00dcR\u00dcNLER\u0130\t<\/sr7-txt>\n\t\t\t\t\t\t<\/sr7-slide>\n\t\t\t\t\t\t<sr7-slide id=\"SR7_2_1-9\" data-key=\"9\">\n\t\t\t\t\t\t<\/sr7-slide>\n\t\t\t\t\t<\/sr7-content>\n\t\t\t\t\t<image_lists style=\"display:none\">\n\t\t\t\t\t\t<img data-src=\"\/\/www.kocglobalgroup.com.tr\/wp-content\/uploads\/2024\/08\/HFYDTRSE-1.jpg\" data-libid=\"816\" data-lib=\"medialibrary\" title=\"HFYDTRSE-1\" width=\"0\" height=\"0\" data-dbsrc=\"Ly93d3cua29jZ2xvYmFsZ3JvdXAuY29tLnRyL3dwLWNvbnRlbnQvdXBsb2Fkcy8yMDI0LzA4L0hGWURUUlNFLTEuanBn\"\/>\n\t\t\t\t\t\t<img data-src=\"\/\/www.kocglobalgroup.com.tr\/wp-content\/uploads\/2024\/08\/dtsrtaw.jpg\" data-libid=\"922\" data-lib=\"medialibrary\" title=\"dtsrtaw\" width=\"0\" height=\"0\" data-dbsrc=\"Ly93d3cua29jZ2xvYmFsZ3JvdXAuY29tLnRyL3dwLWNvbnRlbnQvdXBsb2Fkcy8yMDI0LzA4L2R0c3J0YXcuanBn\"\/>\n\t\t\t\t\t\t<img data-src=\"\/\/www.kocglobalgroup.com.tr\/wp-content\/uploads\/2024\/08\/oiuytre.jpg\" data-libid=\"818\" data-lib=\"medialibrary\" title=\"oiuytre\" width=\"0\" height=\"0\" data-dbsrc=\"Ly93d3cua29jZ2xvYmFsZ3JvdXAuY29tLnRyL3dwLWNvbnRlbnQvdXBsb2Fkcy8yMDI0LzA4L29pdXl0cmUuanBn\"\/>\n\t\t\t\t\t<\/image_lists>\n\t\t\t\t<\/sr7-module>\n\t\t\t\t<script>\n\t\t\t\t\tSR7.PMH ??={}; SR7.PMH[\"SR7_2_1\"] = {cn:0,state:false,fn: function() { if (_tpt!==undefined && _tpt.prepareModuleHeight !== undefined) {  _tpt.prepareModuleHeight({id:\"SR7_2_1\",el:[550,550,450,500,300],type:'standard',shdw:'0',gh:[550,550,450,500,300],gw:[1170,1170,1024,778,480],vpt:['100px&#039;,&#039;100px&#039;,&#039;100px&#039;,&#039;100px&#039;,&#039;100px'],size:{fullWidth:true, fullHeight:false},mh:'0',onh:0,onw:0,bg:{color:'{\"type\":\"solid\",\"orig\":\"#E9E9E9\",\"string\":\"rgba(233, 233, 233, 1)\"}'},plType:'0',plColor:'#FFFFFF'});   SR7.PMH[\"SR7_2_1\"].state=true;} else if((SR7.PMH[\"SR7_2_1\"].cn++)<100)\tsetTimeout( SR7.PMH[\"SR7_2_1\"].fn,19);}};SR7.PMH[\"SR7_2_1\" ].fn();\n\t\t\t\t<\/script>\n<\/div><\/div><\/div><\/div><div data-vc-full-width=\"true\" data-vc-full-width-init=\"false\" class=\"vc_row wpb_row vc_row-fluid vc_custom_1724535083634 vc_row-has-fill\"><div class=\"wpb_column vc_column_container vc_col-sm-10\"><div class=\"vc_column-inner\"><div class=\"wpb_wrapper\">\n\t<div class=\"wpb_text_column wpb_content_element vc_custom_1724534990758\" >\n\t\t<div class=\"wpb_wrapper\">\n\t\t\t<h1 style=\"text-align: center;\"><span style=\"color: #ffffff;\"><strong>\u0130thalat\u00a0&amp;\u00a0\u0130hracat<\/strong> A\u011f\u0131 Ve Tecr\u00fcbesi \u0130le \u00c7\u00f6z\u00fcmler \u00dcretiyoruz<\/span><\/h1>\n\n\t\t<\/div>\n\t<\/div>\n<\/div><\/div><\/div><div class=\"wpb_column vc_column_container vc_col-sm-2\"><div class=\"vc_column-inner vc_custom_1724536655906\"><div class=\"wpb_wrapper\"><a target=\"_self\" href=\"https:\/\/www.kocglobalgroup.com.tr\/iletisim\/\" class=\"btn  btn-md style-1\" id=\"custom-id-0\" style=\"\">\u0130LET\u0130\u015e\u0130M<\/a><\/div><\/div><\/div><\/div><div class=\"vc_row-full-width vc_clearfix\"><\/div><div class=\"vc_row wpb_row vc_row-fluid\"><div class=\"wpb_column vc_column_container vc_col-sm-12\"><div class=\"vc_column-inner\"><div class=\"wpb_wrapper\">\n\t<div class=\"wpb_text_column wpb_content_element\" >\n\t\t<div class=\"wpb_wrapper\">\n\t\t\t<h1 style=\"text-align: center;\"><strong>FAAL\u0130YET ALANLARIMIZ<\/strong><\/h1>\n\n\t\t<\/div>\n\t<\/div>\n<div class=\"vc_row wpb_row vc_inner vc_row-fluid\"><div class=\"wpb_column vc_column_container vc_col-sm-4\"><div class=\"vc_column-inner\"><div class=\"wpb_wrapper\"><div class=\"vc_empty_space\"   style=\"height: 25px\"><span class=\"vc_empty_space_inner\"><\/span><\/div><\/div><\/div><\/div><div class=\"wpb_column vc_column_container vc_col-sm-4\"><div class=\"vc_column-inner\"><div class=\"wpb_wrapper\"><div class=\"vc_separator wpb_content_element vc_separator_align_center vc_sep_width_100 vc_sep_shadow vc_sep_border_width_8 vc_sep_pos_align_center vc_separator_no_text vc_sep_color_black wpb_content_element  wpb_content_element\" ><span class=\"vc_sep_holder vc_sep_holder_l\"><span class=\"vc_sep_line\"><\/span><\/span><span class=\"vc_sep_holder vc_sep_holder_r\"><span class=\"vc_sep_line\"><\/span><\/span>\n<\/div><div class=\"vc_empty_space\"   style=\"height: 25px\"><span class=\"vc_empty_space_inner\"><\/span><\/div><\/div><\/div><\/div><div class=\"wpb_column vc_column_container vc_col-sm-4\"><div class=\"vc_column-inner\"><div class=\"wpb_wrapper\"><div class=\"vc_empty_space\"   style=\"height: 25px\"><span class=\"vc_empty_space_inner\"><\/span><\/div><\/div><\/div><\/div><\/div><div class=\"vc_row wpb_row vc_inner vc_row-fluid\"><div class=\"wpb_column vc_column_container vc_col-sm-4\"><div class=\"vc_column-inner\"><div class=\"wpb_wrapper\">\n\t<div class=\"wpb_text_column wpb_content_element\" >\n\t\t<div class=\"wpb_wrapper\">\n\t\t\t<h2 style=\"text-align: center;\"><strong>METAL GRUBU<\/strong><\/h2>\n\n\t\t<\/div>\n\t<\/div>\n\n\t<div  class=\"wpb_single_image wpb_content_element vc_align_center wpb_content_element\">\n\t\t\n\t\t<figure class=\"wpb_wrapper vc_figure\">\n\t\t\t<a href=\"https:\/\/www.kocglobalgroup.com.tr\/metal-grubu\/\" target=\"_self\" class=\"vc_single_image-wrapper   vc_box_border_grey\"><img loading=\"lazy\" decoding=\"async\" width=\"500\" height=\"400\" src=\"https:\/\/www.kocglobalgroup.com.tr\/wp-content\/uploads\/2024\/08\/koc-global-metal.jpg\" class=\"vc_single_image-img attachment-full\" alt=\"\" title=\"koc-global-metal\" srcset=\"https:\/\/www.kocglobalgroup.com.tr\/wp-content\/uploads\/2024\/08\/koc-global-metal.jpg 500w, https:\/\/www.kocglobalgroup.com.tr\/wp-content\/uploads\/2024\/08\/koc-global-metal-300x240.jpg 300w, https:\/\/www.kocglobalgroup.com.tr\/wp-content\/uploads\/2024\/08\/koc-global-metal-370x296.jpg 370w, https:\/\/www.kocglobalgroup.com.tr\/wp-content\/uploads\/2024\/08\/koc-global-metal-360x288.jpg 360w\" sizes=\"auto, (max-width: 500px) 100vw, 500px\" \/><\/a>\n\t\t<\/figure>\n\t<\/div>\n<div class=\"vc_btn3-container vc_btn3-center vc_do_btn\" ><a class=\"vc_general vc_btn3 vc_btn3-size-md vc_btn3-shape-rounded vc_btn3-style-modern vc_btn3-color-black\" href=\"https:\/\/www.kocglobalgroup.com.tr\/metal-grubu\/\" title=\"\">\u0130nceleyiniz<\/a><\/div><\/div><\/div><\/div><div class=\"wpb_column vc_column_container vc_col-sm-4\"><div class=\"vc_column-inner\"><div class=\"wpb_wrapper\">\n\t<div class=\"wpb_text_column wpb_content_element\" >\n\t\t<div class=\"wpb_wrapper\">\n\t\t\t<h2 style=\"text-align: center;\"><strong>H\u0130JYEN VE TEM\u0130ZL\u0130K \u00dcR\u00dcNLER\u0130<\/strong><\/h2>\n\n\t\t<\/div>\n\t<\/div>\n\n\t<div  class=\"wpb_single_image wpb_content_element vc_align_center wpb_content_element\">\n\t\t\n\t\t<figure class=\"wpb_wrapper vc_figure\">\n\t\t\t<a href=\"https:\/\/www.kocglobalgroup.com.tr\/hijyen-ve-temizlik-urunleri\/\" target=\"_self\" class=\"vc_single_image-wrapper   vc_box_border_grey\"><img loading=\"lazy\" decoding=\"async\" width=\"500\" height=\"400\" src=\"https:\/\/www.kocglobalgroup.com.tr\/wp-content\/uploads\/2024\/08\/Hijyen-ve-temizlik-urunleri-1.jpg\" class=\"vc_single_image-img attachment-full\" alt=\"\" title=\"Hijyen ve temizlik \u00fcr\u00fcnleri\" srcset=\"https:\/\/www.kocglobalgroup.com.tr\/wp-content\/uploads\/2024\/08\/Hijyen-ve-temizlik-urunleri-1.jpg 500w, https:\/\/www.kocglobalgroup.com.tr\/wp-content\/uploads\/2024\/08\/Hijyen-ve-temizlik-urunleri-1-300x240.jpg 300w, https:\/\/www.kocglobalgroup.com.tr\/wp-content\/uploads\/2024\/08\/Hijyen-ve-temizlik-urunleri-1-370x296.jpg 370w, https:\/\/www.kocglobalgroup.com.tr\/wp-content\/uploads\/2024\/08\/Hijyen-ve-temizlik-urunleri-1-360x288.jpg 360w\" sizes=\"auto, (max-width: 500px) 100vw, 500px\" \/><\/a>\n\t\t<\/figure>\n\t<\/div>\n<div class=\"vc_btn3-container vc_btn3-center vc_do_btn\" ><a class=\"vc_general vc_btn3 vc_btn3-size-md vc_btn3-shape-rounded vc_btn3-style-modern vc_btn3-color-black\" href=\"https:\/\/www.kocglobalgroup.com.tr\/hijyen-ve-temizlik-urunleri\/\" title=\"\">\u0130nceleyiniz<\/a><\/div><\/div><\/div><\/div><div class=\"wpb_column vc_column_container vc_col-sm-4\"><div class=\"vc_column-inner\"><div class=\"wpb_wrapper\">\n\t<div class=\"wpb_text_column wpb_content_element\" >\n\t\t<div class=\"wpb_wrapper\">\n\t\t\t<h2 style=\"text-align: center;\"><strong>GIDA \u00dcR\u00dcNLER\u0130<\/strong><\/h2>\n<h2 style=\"text-align: center;\"><\/h2>\n\n\t\t<\/div>\n\t<\/div>\n\n\t<div  class=\"wpb_single_image wpb_content_element vc_align_center wpb_content_element\">\n\t\t\n\t\t<figure class=\"wpb_wrapper vc_figure\">\n\t\t\t<a href=\"https:\/\/www.kocglobalgroup.com.tr\/gida-urunleri\/\" target=\"_self\" class=\"vc_single_image-wrapper   vc_box_border_grey\"><img loading=\"lazy\" decoding=\"async\" width=\"500\" height=\"400\" src=\"https:\/\/www.kocglobalgroup.com.tr\/wp-content\/uploads\/2024\/08\/fgdfs.jpg\" class=\"vc_single_image-img attachment-full\" alt=\"\" title=\"fgdfs\" srcset=\"https:\/\/www.kocglobalgroup.com.tr\/wp-content\/uploads\/2024\/08\/fgdfs.jpg 500w, https:\/\/www.kocglobalgroup.com.tr\/wp-content\/uploads\/2024\/08\/fgdfs-300x240.jpg 300w, https:\/\/www.kocglobalgroup.com.tr\/wp-content\/uploads\/2024\/08\/fgdfs-370x296.jpg 370w, https:\/\/www.kocglobalgroup.com.tr\/wp-content\/uploads\/2024\/08\/fgdfs-360x288.jpg 360w\" sizes=\"auto, (max-width: 500px) 100vw, 500px\" \/><\/a>\n\t\t<\/figure>\n\t<\/div>\n<div class=\"vc_btn3-container vc_btn3-center vc_do_btn\" ><a class=\"vc_general vc_btn3 vc_btn3-size-md vc_btn3-shape-rounded vc_btn3-style-modern vc_btn3-color-black\" href=\"https:\/\/www.kocglobalgroup.com.tr\/gida-urunleri\/\" title=\"\">\u0130nceleyiniz<\/a><\/div><\/div><\/div><\/div><\/div><\/div><\/div><\/div><\/div><div class=\"vc_row wpb_row vc_row-fluid\"><div class=\"wpb_column vc_column_container vc_col-sm-4\"><div class=\"vc_column-inner\"><div class=\"wpb_wrapper\"><div class='counter'>\n            <div class='wrapbox'>\n                <i class='fa fa-align-justify'><\/i>\n                <h2 class='counter-number' data-to='10'>0<\/h2>\n                <h3>TECR\u00dcBEM\u0130Z<\/h3>\n            <\/div>\n\n            <\/div><\/div><\/div><\/div><div class=\"wpb_column vc_column_container vc_col-sm-4\"><div class=\"vc_column-inner\"><div class=\"wpb_wrapper\"><div class='counter'>\n            <div class='wrapbox'>\n                <i class='fa fa-child'><\/i>\n                <h2 class='counter-number' data-to='3400'>0<\/h2>\n                <h3>M\u00dc\u015eTER\u0130LER\u0130M\u0130Z<\/h3>\n            <\/div>\n\n            <\/div><\/div><\/div><\/div><div class=\"wpb_column vc_column_container vc_col-sm-4\"><div class=\"vc_column-inner\"><div class=\"wpb_wrapper\"><div class='counter'>\n            <div class='wrapbox'>\n                <i class='fa fa-percent'><\/i>\n                <h2 class='counter-number' data-to='100'>0<\/h2>\n                <h3>MEMNUN\u0130YET<\/h3>\n            <\/div>\n\n            <\/div><\/div><\/div><\/div><\/div><div class=\"vc_row wpb_row vc_row-fluid\"><div class=\"wpb_column vc_column_container vc_col-sm-12\"><div class=\"vc_column-inner\"><div class=\"wpb_wrapper\">\n\t<div class=\"wpb_text_column wpb_content_element\" >\n\t\t<div class=\"wpb_wrapper\">\n\t\t\t<h1 style=\"text-align: center;\"><strong>B\u0130Z K\u0130M\u0130Z?<\/strong><\/h1>\n\n\t\t<\/div>\n\t<\/div>\n<div class=\"vc_row wpb_row vc_inner vc_row-fluid\"><div class=\"wpb_column vc_column_container vc_col-sm-4\"><div class=\"vc_column-inner\"><div class=\"wpb_wrapper\"><div class=\"vc_empty_space\"   style=\"height: 25px\"><span class=\"vc_empty_space_inner\"><\/span><\/div><\/div><\/div><\/div><div class=\"wpb_column vc_column_container vc_col-sm-4\"><div class=\"vc_column-inner\"><div class=\"wpb_wrapper\"><div class=\"vc_separator wpb_content_element vc_separator_align_center vc_sep_width_100 vc_sep_shadow vc_sep_border_width_8 vc_sep_pos_align_center vc_separator_no_text vc_sep_color_black wpb_content_element  wpb_content_element\" ><span class=\"vc_sep_holder vc_sep_holder_l\"><span class=\"vc_sep_line\"><\/span><\/span><span class=\"vc_sep_holder vc_sep_holder_r\"><span class=\"vc_sep_line\"><\/span><\/span>\n<\/div><div class=\"vc_empty_space\"   style=\"height: 25px\"><span class=\"vc_empty_space_inner\"><\/span><\/div><\/div><\/div><\/div><div class=\"wpb_column vc_column_container vc_col-sm-4\"><div class=\"vc_column-inner\"><div class=\"wpb_wrapper\"><div class=\"vc_empty_space\"   style=\"height: 25px\"><span class=\"vc_empty_space_inner\"><\/span><\/div><\/div><\/div><\/div><\/div><div class=\"vc_row wpb_row vc_inner vc_row-fluid\"><div class=\"wpb_column vc_column_container vc_col-sm-6\"><div class=\"vc_column-inner\"><div class=\"wpb_wrapper\">\n\t<div class=\"wpb_text_column wpb_content_element\" >\n\t\t<div class=\"wpb_wrapper\">\n\t\t\t<p>Ko\u00e7 Global Group, 2014 y\u0131l\u0131nda kurulmu\u015f olan bir d\u0131\u015f ticaret firmas\u0131d\u0131r. M\u00fc\u015fterilerine de\u011ferli \u00fcr\u00fcnleri sunmak i\u00e7in de\u011ferli hizmet politikas\u0131n\u0131 benimsemi\u015ftir. Global ticaretteki g\u00fc\u00e7l\u00fc pozisyonu ve etkileyici referanslar\u0131yla sekt\u00f6rde kendine sa\u011flam bir yer edinmi\u015ftir.<\/p>\n<p><b><strong>De\u011ferli \u00dcr\u00fcn ve De\u011ferli Hizmet:<\/strong><\/b><\/p>\n<p><em><strong>Ko\u00e7 Global Group<\/strong><\/em>\u00a0geni\u015f bir \u00fcr\u00fcn yelpazesi ve kapsaml\u0131 bir hizmet gam\u0131yla m\u00fc\u015fterilerine \u00e7e\u015fitli ve de\u011ferli \u00fcr\u00fcnleri sunmaktad\u0131r. Ba\u015fl\u0131ca \u00fcr\u00fcn ve hizmet kategorileriyle birlikte faaliyet alanlar\u0131m\u0131z \u015funlard\u0131r:<\/p>\n\n\t\t<\/div>\n\t<\/div>\n<div class=\"vc_btn3-container vc_btn3-center vc_do_btn\" ><a class=\"vc_general vc_btn3 vc_btn3-size-md vc_btn3-shape-rounded vc_btn3-style-modern vc_btn3-color-black\" href=\"https:\/\/www.kocglobalgroup.com.tr\/hakkimizda\/\" title=\"\">Devam\u0131n\u0131 Oku<\/a><\/div><\/div><\/div><\/div><div class=\"wpb_column vc_column_container vc_col-sm-6\"><div class=\"vc_column-inner\"><div class=\"wpb_wrapper\">\n\t<div  class=\"wpb_single_image wpb_content_element vc_align_center wpb_content_element\">\n\t\t\n\t\t<figure class=\"wpb_wrapper vc_figure\">\n\t\t\t<div class=\"vc_single_image-wrapper   vc_box_border_grey\"><img loading=\"lazy\" decoding=\"async\" width=\"480\" height=\"203\" src=\"https:\/\/www.kocglobalgroup.com.tr\/wp-content\/uploads\/2024\/08\/koc-global-biz-kimiz.jpg\" class=\"vc_single_image-img attachment-full\" alt=\"\" title=\"koc-global-biz-kimiz\" srcset=\"https:\/\/www.kocglobalgroup.com.tr\/wp-content\/uploads\/2024\/08\/koc-global-biz-kimiz.jpg 480w, https:\/\/www.kocglobalgroup.com.tr\/wp-content\/uploads\/2024\/08\/koc-global-biz-kimiz-300x127.jpg 300w, https:\/\/www.kocglobalgroup.com.tr\/wp-content\/uploads\/2024\/08\/koc-global-biz-kimiz-370x156.jpg 370w, https:\/\/www.kocglobalgroup.com.tr\/wp-content\/uploads\/2024\/08\/koc-global-biz-kimiz-360x152.jpg 360w\" sizes=\"auto, (max-width: 480px) 100vw, 480px\" \/><\/div>\n\t\t<\/figure>\n\t<\/div>\n<\/div><\/div><\/div><\/div><\/div><\/div><\/div><\/div><div data-vc-full-width=\"true\" data-vc-full-width-init=\"false\" data-vc-stretch-content=\"true\" class=\"vc_row wpb_row vc_row-fluid text-center vc_row-no-padding\"><div class=\"wpb_column vc_column_container vc_col-sm-12\"><div class=\"vc_column-inner\"><div class=\"wpb_wrapper\"><section  data-vc-parallax=\"1.5\" class=\"statement vc_parallax parallax-overlay\" style=\"background-image: url('https:\/\/www.kocglobalgroup.com.tr\/wp-content\/uploads\/2024\/08\/uyuftr.jpg');\">\n\t<div class=\"wpb_text_column wpb_content_element\" >\n\t\t<div class=\"wpb_wrapper\">\n\t\t\t<h1 style=\"text-align: center;\"><span style=\"color: #ffffff;\"><em><strong>Ko\u00e7 Global Group<\/strong><\/em>, her a\u015famada kaliteli \u00fcr\u00fcnleri ve de\u011ferli hizmetleriyle m\u00fc\u015fteri memnuniyetini esas almaktad\u0131r.<\/span><\/h1>\n\n\t\t<\/div>\n\t<\/div>\n<div class=\"vc_empty_space\"   style=\"height: 15px\"><span class=\"vc_empty_space_inner\"><\/span><\/div><a target=\"_self\" href=\"https:\/\/www.kocglobalgroup.com.tr\/iletisim\/\" class=\"btn  btn-md style-1\" id=\"custom-id-1\" style=\"\">\u0130LET\u0130\u015e\u0130M<\/a><\/section><\/div><\/div><\/div><\/div><div class=\"vc_row-full-width vc_clearfix\"><\/div>\n<\/div>","protected":false},"excerpt":{"rendered":"METAL GRUBU H\u0130JYEN VE TEM\u0130ZL\u0130K \u00dcR\u00dcNLER\u0130 GIDA \u00dcR\u00dcNLER\u0130 \u0130thalat\u00a0&amp;\u00a0\u0130hracat A\u011f\u0131 Ve Tecr\u00fcbesi \u0130le \u00c7\u00f6z\u00fcmler \u00dcretiyoruz \u0130LET\u0130\u015e\u0130M FAAL\u0130YET ALANLARIMIZ METAL GRUBU \u0130nceleyiniz H\u0130JYEN VE TEM\u0130ZL\u0130K \u00dcR\u00dcNLER\u0130 \u0130nceleyiniz GIDA \u00dcR\u00dcNLER\u0130 \u0130nceleyiniz 0 TECR\u00dcBEM\u0130Z 0 M\u00dc\u015eTER\u0130LER\u0130M\u0130Z 0 MEMNUN\u0130YET B\u0130Z K\u0130M\u0130Z? Ko\u00e7 Global Group,...","protected":false},"author":1,"featured_media":0,"parent":0,"menu_order":0,"comment_status":"open","ping_status":"open","template":"","meta":{"footnotes":""},"class_list":["post-5","page","type-page","status-publish","hentry"],"_links":{"self":[{"href":"https:\/\/www.kocglobalgroup.com.tr\/en\/wp-json\/wp\/v2\/pages\/5","targetHints":{"allow":["GET"]}}],"collection":[{"href":"https:\/\/www.kocglobalgroup.com.tr\/en\/wp-json\/wp\/v2\/pages"}],"about":[{"href":"https:\/\/www.kocglobalgroup.com.tr\/en\/wp-json\/wp\/v2\/types\/page"}],"author":[{"embeddable":true,"href":"https:\/\/www.kocglobalgroup.com.tr\/en\/wp-json\/wp\/v2\/users\/1"}],"replies":[{"embeddable":true,"href":"https:\/\/www.kocglobalgroup.com.tr\/en\/wp-json\/wp\/v2\/comments?post=5"}],"version-history":[{"count":18,"href":"https:\/\/www.kocglobalgroup.com.tr\/en\/wp-json\/wp\/v2\/pages\/5\/revisions"}],"predecessor-version":[{"id":1166,"href":"https:\/\/www.kocglobalgroup.com.tr\/en\/wp-json\/wp\/v2\/pages\/5\/revisions\/1166"}],"wp:attachment":[{"href":"https:\/\/www.kocglobalgroup.com.tr\/en\/wp-json\/wp\/v2\/media?parent=5"}],"curies":[{"name":"wp","href":"https:\/\/api.w.org\/{rel}","templated":true}]}}