{"id":836,"date":"2024-08-25T00:33:22","date_gmt":"2024-08-24T21:33:22","guid":{"rendered":"https:\/\/www.kocglobalgroup.com.tr\/?page_id=836"},"modified":"2024-09-01T13:56:34","modified_gmt":"2024-09-01T10:56:34","slug":"hakkimizda","status":"publish","type":"page","link":"https:\/\/www.kocglobalgroup.com.tr\/en\/hakkimizda\/","title":{"rendered":"ABOUT US"},"content":{"rendered":"<div class=\"wpb-content-wrapper\"><div class=\"vc_row wpb_row vc_row-fluid\"><div class=\"wpb_column vc_column_container vc_col-sm-6\"><div class=\"vc_column-inner\"><div class=\"wpb_wrapper\">\n\t<div  class=\"wpb_single_image wpb_content_element vc_align_left wpb_content_element wpb_animate_when_almost_visible wpb_fadeInDown fadeInDown vc_custom_1724535200433\">\n\t\t\n\t\t<figure class=\"wpb_wrapper vc_figure\">\n\t\t\t<div class=\"vc_single_image-wrapper vc_box_border  vc_box_border_grey\"><img loading=\"lazy\" decoding=\"async\" width=\"977\" height=\"788\" src=\"https:\/\/www.kocglobalgroup.com.tr\/wp-content\/uploads\/2024\/08\/LOGO-KOC-1.jpg\" class=\"vc_single_image-img attachment-full\" alt=\"\" title=\"LOGO-KOC\" srcset=\"https:\/\/www.kocglobalgroup.com.tr\/wp-content\/uploads\/2024\/08\/LOGO-KOC-1.jpg 977w, https:\/\/www.kocglobalgroup.com.tr\/wp-content\/uploads\/2024\/08\/LOGO-KOC-1-300x242.jpg 300w, https:\/\/www.kocglobalgroup.com.tr\/wp-content\/uploads\/2024\/08\/LOGO-KOC-1-768x619.jpg 768w, https:\/\/www.kocglobalgroup.com.tr\/wp-content\/uploads\/2024\/08\/LOGO-KOC-1-370x298.jpg 370w, https:\/\/www.kocglobalgroup.com.tr\/wp-content\/uploads\/2024\/08\/LOGO-KOC-1-360x290.jpg 360w\" sizes=\"auto, (max-width: 977px) 100vw, 977px\" \/><\/div>\n\t\t<\/figure>\n\t<\/div>\n<\/div><\/div><\/div><div class=\"wpb_column vc_column_container vc_col-sm-6\"><div class=\"vc_column-inner\"><div class=\"wpb_wrapper\"><div class=\"vc_separator wpb_content_element vc_separator_align_center vc_sep_width_100 vc_sep_pos_align_center vc_sep_color_black wpb_content_element vc_separator-has-text\" ><span class=\"vc_sep_holder vc_sep_holder_l\"><span class=\"vc_sep_line\"><\/span><\/span><h4>ABOUT US<\/h4><span class=\"vc_sep_holder vc_sep_holder_r\"><span class=\"vc_sep_line\"><\/span><\/span>\n<\/div><div class=\"vc_empty_space\"   style=\"height: 20px\"><span class=\"vc_empty_space_inner\"><\/span><\/div>\n\t<div class=\"wpb_text_column wpb_content_element\" >\n\t\t<div class=\"wpb_wrapper\">\n\t\t\t<p style=\"font-weight: 400;\">Ko\u00e7 Global Group is a foreign trade company established in 2014. It has adopted a valuable service policy to offer valuable products to its customers. It has gained a solid place in the sector with its strong position in global trade and impressive references.<\/p>\n<p style=\"font-weight: 400;\"><b><strong>Valuable Product and Valuable Service:<\/strong><\/b><\/p>\n<p style=\"font-weight: 400;\"><em><strong>Ko\u00e7 Global Group<\/strong><\/em> It offers various and valuable products to its customers with a wide range of products and a comprehensive range of services. Our areas of activity, along with the main product and service categories, are:<\/p>\n<p><b><strong>Our Fields of Activity:<\/strong><\/b><\/p>\n\n\t\t<\/div>\n\t<\/div>\n<div class=\"vc_empty_space\"   style=\"height: 32px\"><span class=\"vc_empty_space_inner\"><\/span><\/div><div class=\"vc_row wpb_row vc_inner vc_row-fluid\"><div class=\"wpb_column vc_column_container vc_col-sm-4\"><div class=\"vc_column-inner\"><div class=\"wpb_wrapper\">\n\t<div class=\"wpb_text_column wpb_content_element\" >\n\t\t<div class=\"wpb_wrapper\">\n\t\t\t<p><strong>Metal Group<\/strong><br \/>\nPipe and Profile<br \/>\nPrinted Sheet<br \/>\nRoll Sheet<br \/>\nSteel Mesh<br \/>\nWrought Iron Products<br \/>\nLaser<br \/>\nHinge<br \/>\nDoor Handles<br \/>\nDoor Lock<br \/>\nPolycarbonate<br \/>\nRebar<br \/>\nWelding Wires<br \/>\nSteel Door<br \/>\nAccessory<\/p>\n\n\t\t<\/div>\n\t<\/div>\n<\/div><\/div><\/div><div class=\"wpb_column vc_column_container vc_col-sm-4\"><div class=\"vc_column-inner\"><div class=\"wpb_wrapper\">\n\t<div class=\"wpb_text_column wpb_content_element\" >\n\t\t<div class=\"wpb_wrapper\">\n\t\t\t<p><strong>Hygiene and Cleaning Products\u00a0<\/strong><br \/>\nBaby Wipes<br \/>\nBaby Wipes and Care Products<br \/>\nAdult Diapers and Care Products<\/p>\n\n\t\t<\/div>\n\t<\/div>\n<\/div><\/div><\/div><div class=\"wpb_column vc_column_container vc_col-sm-4\"><div class=\"vc_column-inner\"><div class=\"wpb_wrapper\">\n\t<div class=\"wpb_text_column wpb_content_element\" >\n\t\t<div class=\"wpb_wrapper\">\n\t\t\t<p><strong>Food Products\u00a0<\/strong><br \/>\nLegumes<br \/>\nNuts<br \/>\nSpice<\/p>\n\n\t\t<\/div>\n\t<\/div>\n<\/div><\/div><\/div><\/div><\/div><\/div><\/div><\/div>\n<\/div>","protected":false},"excerpt":{"rendered":"HAKKIMIZDA Ko\u00e7 Global Group, 2014 y\u0131l\u0131nda kurulmu\u015f olan bir d\u0131\u015f ticaret firmas\u0131d\u0131r. M\u00fc\u015fterilerine de\u011ferli \u00fcr\u00fcnleri sunmak i\u00e7in de\u011ferli hizmet politikas\u0131n\u0131 benimsemi\u015ftir. Global ticaretteki g\u00fc\u00e7l\u00fc pozisyonu ve etkileyici referanslar\u0131yla sekt\u00f6rde kendine sa\u011flam bir yer edinmi\u015ftir. De\u011ferli \u00dcr\u00fcn ve De\u011ferli Hizmet: Ko\u00e7...","protected":false},"author":1,"featured_media":0,"parent":0,"menu_order":0,"comment_status":"closed","ping_status":"closed","template":"","meta":{"footnotes":""},"class_list":["post-836","page","type-page","status-publish","hentry"],"_links":{"self":[{"href":"https:\/\/www.kocglobalgroup.com.tr\/en\/wp-json\/wp\/v2\/pages\/836","targetHints":{"allow":["GET"]}}],"collection":[{"href":"https:\/\/www.kocglobalgroup.com.tr\/en\/wp-json\/wp\/v2\/pages"}],"about":[{"href":"https:\/\/www.kocglobalgroup.com.tr\/en\/wp-json\/wp\/v2\/types\/page"}],"author":[{"embeddable":true,"href":"https:\/\/www.kocglobalgroup.com.tr\/en\/wp-json\/wp\/v2\/users\/1"}],"replies":[{"embeddable":true,"href":"https:\/\/www.kocglobalgroup.com.tr\/en\/wp-json\/wp\/v2\/comments?post=836"}],"version-history":[{"count":4,"href":"https:\/\/www.kocglobalgroup.com.tr\/en\/wp-json\/wp\/v2\/pages\/836\/revisions"}],"predecessor-version":[{"id":1168,"href":"https:\/\/www.kocglobalgroup.com.tr\/en\/wp-json\/wp\/v2\/pages\/836\/revisions\/1168"}],"wp:attachment":[{"href":"https:\/\/www.kocglobalgroup.com.tr\/en\/wp-json\/wp\/v2\/media?parent=836"}],"curies":[{"name":"wp","href":"https:\/\/api.w.org\/{rel}","templated":true}]}}