{"id":838,"date":"2024-08-25T00:34:14","date_gmt":"2024-08-24T21:34:14","guid":{"rendered":"https:\/\/www.kocglobalgroup.com.tr\/?page_id=838"},"modified":"2024-08-29T14:52:39","modified_gmt":"2024-08-29T11:52:39","slug":"vizyon-misyon","status":"publish","type":"page","link":"https:\/\/www.kocglobalgroup.com.tr\/en\/vizyon-misyon\/","title":{"rendered":"VISION &amp; MISSION"},"content":{"rendered":"<div class=\"wpb-content-wrapper\"><div class=\"vc_row wpb_row vc_row-fluid\"><div class=\"wpb_column vc_column_container vc_col-sm-12\"><div class=\"vc_column-inner\"><div class=\"wpb_wrapper\">\n\t<div class=\"wpb_text_column wpb_content_element\" >\n\t\t<div class=\"wpb_wrapper\">\n\t\t\t<h1 style=\"text-align: center;\">\u201cWe get our strength from our references.\u201d<\/h1>\n\n\t\t<\/div>\n\t<\/div>\n<\/div><\/div><\/div><\/div><div class=\"vc_row wpb_row vc_row-fluid\"><div class=\"wpb_column vc_column_container vc_col-sm-12\"><div class=\"vc_column-inner\"><div class=\"wpb_wrapper\"><div class=\"vc_empty_space\"   style=\"height: 32px\"><span class=\"vc_empty_space_inner\"><\/span><\/div><\/div><\/div><\/div><\/div><div class=\"vc_row wpb_row vc_row-fluid\"><div class=\"wpb_column vc_column_container vc_col-sm-6\"><div class=\"vc_column-inner\"><div class=\"wpb_wrapper\"><div class=\"vc_separator wpb_content_element vc_separator_align_center vc_sep_width_100 vc_sep_pos_align_center vc_sep_color_black wpb_content_element vc_separator-has-text\" ><span class=\"vc_sep_holder vc_sep_holder_l\"><span class=\"vc_sep_line\"><\/span><\/span><h4>Our Vision<\/h4><span class=\"vc_sep_holder vc_sep_holder_r\"><span class=\"vc_sep_line\"><\/span><\/span>\n<\/div><div class=\"vc_empty_space\"   style=\"height: 32px\"><span class=\"vc_empty_space_inner\"><\/span><\/div>\n\t<div class=\"wpb_text_column wpb_content_element wpb_animate_when_almost_visible wpb_fadeInDown fadeInDown\" >\n\t\t<div class=\"wpb_wrapper\">\n\t\t\t<p>As Ko\u00e7 Global Group, we aim to continuously improve together with our employees and satisfy our customers with the supply of products and services of universal quality and standards.<\/p>\n<p>\u0130\u015fte bu nedenle \u00fclkesi, m\u00fc\u015fterileri ve \u00e7al\u0131\u015ft\u0131\u011f\u0131 firmalar i\u00e7in g\u00fcvenlik, devaml\u0131l\u0131k ve sayg\u0131nl\u0131k simgesi olmay\u0131 hedefler.<\/p>\n\n\t\t<\/div>\n\t<\/div>\n<\/div><\/div><\/div><div class=\"wpb_column vc_column_container vc_col-sm-6\"><div class=\"vc_column-inner\"><div class=\"wpb_wrapper\"><div class=\"vc_separator wpb_content_element vc_separator_align_center vc_sep_width_100 vc_sep_pos_align_center vc_sep_color_black wpb_content_element vc_separator-has-text\" ><span class=\"vc_sep_holder vc_sep_holder_l\"><span class=\"vc_sep_line\"><\/span><\/span><h4>Our Mission<\/h4><span class=\"vc_sep_holder vc_sep_holder_r\"><span class=\"vc_sep_line\"><\/span><\/span>\n<\/div><div class=\"vc_empty_space\"   style=\"height: 32px\"><span class=\"vc_empty_space_inner\"><\/span><\/div>\n\t<div class=\"wpb_text_column wpb_content_element wpb_animate_when_almost_visible wpb_fadeInDown fadeInDown\" >\n\t\t<div class=\"wpb_wrapper\">\n\t\t\t<p>To protect the interests of our customers in the best possible way, together with our local and foreign business partners, and to be a pioneer and an example in the sectors in which we are active with our product and service quality. For this purpose, our work is in compliance with the relevant laws and provides reliable and faithful work to the moral values \u200b\u200bimposed on us by our history.<\/p>\n\n\t\t<\/div>\n\t<\/div>\n<\/div><\/div><\/div><\/div>\n<\/div>","protected":false},"excerpt":{"rendered":"\u201cG\u00fcc\u00fcm\u00fcz\u00fc referanslar\u0131m\u0131zdan al\u0131yoruz.\u201d Vizyonumuz Ko\u00e7 Global Group olarak \u00e7al\u0131\u015fanlar\u0131m\u0131zla birlikte s\u00fcrekli geli\u015fmeyi, evrensel kalite ve standartlar\u0131nda \u00fcr\u00fcn ve hizmet tedari\u011fiyle m\u00fc\u015fterilerini memnun etmeyi ama\u00e7lar. \u0130\u015fte bu nedenle \u00fclkesi, m\u00fc\u015fterileri ve \u00e7al\u0131\u015ft\u0131\u011f\u0131 firmalar i\u00e7in g\u00fcvenlik, devaml\u0131l\u0131k ve sayg\u0131nl\u0131k simgesi olmay\u0131 hedefler....","protected":false},"author":1,"featured_media":0,"parent":0,"menu_order":0,"comment_status":"closed","ping_status":"closed","template":"","meta":{"footnotes":""},"class_list":["post-838","page","type-page","status-publish","hentry"],"_links":{"self":[{"href":"https:\/\/www.kocglobalgroup.com.tr\/en\/wp-json\/wp\/v2\/pages\/838","targetHints":{"allow":["GET"]}}],"collection":[{"href":"https:\/\/www.kocglobalgroup.com.tr\/en\/wp-json\/wp\/v2\/pages"}],"about":[{"href":"https:\/\/www.kocglobalgroup.com.tr\/en\/wp-json\/wp\/v2\/types\/page"}],"author":[{"embeddable":true,"href":"https:\/\/www.kocglobalgroup.com.tr\/en\/wp-json\/wp\/v2\/users\/1"}],"replies":[{"embeddable":true,"href":"https:\/\/www.kocglobalgroup.com.tr\/en\/wp-json\/wp\/v2\/comments?post=838"}],"version-history":[{"count":4,"href":"https:\/\/www.kocglobalgroup.com.tr\/en\/wp-json\/wp\/v2\/pages\/838\/revisions"}],"predecessor-version":[{"id":1140,"href":"https:\/\/www.kocglobalgroup.com.tr\/en\/wp-json\/wp\/v2\/pages\/838\/revisions\/1140"}],"wp:attachment":[{"href":"https:\/\/www.kocglobalgroup.com.tr\/en\/wp-json\/wp\/v2\/media?parent=838"}],"curies":[{"name":"wp","href":"https:\/\/api.w.org\/{rel}","templated":true}]}}