{"id":842,"date":"2024-08-25T00:36:00","date_gmt":"2024-08-24T21:36:00","guid":{"rendered":"https:\/\/www.kocglobalgroup.com.tr\/?page_id=842"},"modified":"2024-08-27T03:42:46","modified_gmt":"2024-08-27T00:42:46","slug":"faaliyet-alanlarimiz","status":"publish","type":"page","link":"https:\/\/www.kocglobalgroup.com.tr\/en\/faaliyet-alanlarimiz\/","title":{"rendered":"OUR AREAS OF ACTIVITY"},"content":{"rendered":"<div class=\"wpb-content-wrapper\"><div class=\"vc_row wpb_row vc_row-fluid\"><div class=\"wpb_column vc_column_container vc_col-sm-4\"><div class=\"vc_column-inner\"><div class=\"wpb_wrapper\">\n\t<div  class=\"wpb_single_image wpb_content_element vc_align_center wpb_content_element\">\n\t\t<h2 class=\"wpb_heading wpb_singleimage_heading\">METAL GROUP<\/h2>\n\t\t<figure class=\"wpb_wrapper vc_figure\">\n\t\t\t<a href=\"https:\/\/www.kocglobalgroup.com.tr\/en\/metal-grubu\/\" target=\"_self\" class=\"vc_single_image-wrapper vc_box_border  vc_box_border_grey\"><img loading=\"lazy\" decoding=\"async\" width=\"500\" height=\"400\" src=\"https:\/\/www.kocglobalgroup.com.tr\/wp-content\/uploads\/2024\/08\/koc-global-metal-1.jpg\" class=\"vc_single_image-img attachment-full\" alt=\"\" title=\"koc-global-metal-1\" srcset=\"https:\/\/www.kocglobalgroup.com.tr\/wp-content\/uploads\/2024\/08\/koc-global-metal-1.jpg 500w, https:\/\/www.kocglobalgroup.com.tr\/wp-content\/uploads\/2024\/08\/koc-global-metal-1-300x240.jpg 300w, https:\/\/www.kocglobalgroup.com.tr\/wp-content\/uploads\/2024\/08\/koc-global-metal-1-370x296.jpg 370w, https:\/\/www.kocglobalgroup.com.tr\/wp-content\/uploads\/2024\/08\/koc-global-metal-1-360x288.jpg 360w\" sizes=\"auto, (max-width: 500px) 100vw, 500px\" \/><\/a>\n\t\t<\/figure>\n\t<\/div>\n<div class=\"vc_btn3-container vc_btn3-center vc_do_btn\" ><a class=\"vc_general vc_btn3 vc_btn3-size-md vc_btn3-shape-rounded vc_btn3-style-modern vc_btn3-color-sandy-brown\" href=\"https:\/\/www.kocglobalgroup.com.tr\/en\/metal-grubu\/\" title=\"\">Review<\/a><\/div><\/div><\/div><\/div><div class=\"wpb_column vc_column_container vc_col-sm-4\"><div class=\"vc_column-inner\"><div class=\"wpb_wrapper\">\n\t<div  class=\"wpb_single_image wpb_content_element vc_align_center wpb_content_element\">\n\t\t<h2 class=\"wpb_heading wpb_singleimage_heading\">HYGIENE AND CLEANING PRODUCTS<\/h2>\n\t\t<figure class=\"wpb_wrapper vc_figure\">\n\t\t\t<a href=\"https:\/\/www.kocglobalgroup.com.tr\/en\/hijyen-ve-temizlik-urunleri\/\" target=\"_self\" class=\"vc_single_image-wrapper vc_box_border  vc_box_border_grey\"><img loading=\"lazy\" decoding=\"async\" width=\"500\" height=\"400\" src=\"https:\/\/www.kocglobalgroup.com.tr\/wp-content\/uploads\/2024\/08\/Hijyen-ve-temizlik-urunleri-1.jpg\" class=\"vc_single_image-img attachment-full\" alt=\"\" title=\"Hijyen ve temizlik \u00fcr\u00fcnleri\" srcset=\"https:\/\/www.kocglobalgroup.com.tr\/wp-content\/uploads\/2024\/08\/Hijyen-ve-temizlik-urunleri-1.jpg 500w, https:\/\/www.kocglobalgroup.com.tr\/wp-content\/uploads\/2024\/08\/Hijyen-ve-temizlik-urunleri-1-300x240.jpg 300w, https:\/\/www.kocglobalgroup.com.tr\/wp-content\/uploads\/2024\/08\/Hijyen-ve-temizlik-urunleri-1-370x296.jpg 370w, https:\/\/www.kocglobalgroup.com.tr\/wp-content\/uploads\/2024\/08\/Hijyen-ve-temizlik-urunleri-1-360x288.jpg 360w\" sizes=\"auto, (max-width: 500px) 100vw, 500px\" \/><\/a>\n\t\t<\/figure>\n\t<\/div>\n<div class=\"vc_btn3-container vc_btn3-center vc_do_btn\" ><a class=\"vc_general vc_btn3 vc_btn3-size-md vc_btn3-shape-rounded vc_btn3-style-modern vc_btn3-color-sandy-brown\" href=\"https:\/\/www.kocglobalgroup.com.tr\/en\/hijyen-ve-temizlik-urunleri\/\" title=\"\">Review<\/a><\/div><\/div><\/div><\/div><div class=\"wpb_column vc_column_container vc_col-sm-4\"><div class=\"vc_column-inner\"><div class=\"wpb_wrapper\">\n\t<div  class=\"wpb_single_image wpb_content_element vc_align_center wpb_content_element\">\n\t\t<h2 class=\"wpb_heading wpb_singleimage_heading\">FOOD PRODUCTS<\/h2>\n\t\t<figure class=\"wpb_wrapper vc_figure\">\n\t\t\t<a href=\"https:\/\/www.kocglobalgroup.com.tr\/en\/gida-urunleri\/\" target=\"_self\" class=\"vc_single_image-wrapper vc_box_border  vc_box_border_grey\"><img loading=\"lazy\" decoding=\"async\" width=\"500\" height=\"400\" src=\"https:\/\/www.kocglobalgroup.com.tr\/wp-content\/uploads\/2024\/08\/fgdfs.jpg\" class=\"vc_single_image-img attachment-full\" alt=\"\" title=\"fgdfs\" srcset=\"https:\/\/www.kocglobalgroup.com.tr\/wp-content\/uploads\/2024\/08\/fgdfs.jpg 500w, https:\/\/www.kocglobalgroup.com.tr\/wp-content\/uploads\/2024\/08\/fgdfs-300x240.jpg 300w, https:\/\/www.kocglobalgroup.com.tr\/wp-content\/uploads\/2024\/08\/fgdfs-370x296.jpg 370w, https:\/\/www.kocglobalgroup.com.tr\/wp-content\/uploads\/2024\/08\/fgdfs-360x288.jpg 360w\" sizes=\"auto, (max-width: 500px) 100vw, 500px\" \/><\/a>\n\t\t<\/figure>\n\t<\/div>\n<div class=\"vc_btn3-container vc_btn3-center vc_do_btn\" ><a class=\"vc_general vc_btn3 vc_btn3-size-md vc_btn3-shape-rounded vc_btn3-style-modern vc_btn3-color-sandy-brown\" href=\"https:\/\/www.kocglobalgroup.com.tr\/en\/gida-urunleri\/\" title=\"\">Review<\/a><\/div><\/div><\/div><\/div><\/div>\n<\/div>","protected":false},"excerpt":{"rendered":"METAL GRUBU \u0130nceleyiniz H\u0130JYEN VE TEM\u0130ZL\u0130K \u00dcR\u00dcNLER\u0130 \u0130nceleyiniz GIDA \u00dcR\u00dcNLER\u0130 \u0130nceleyiniz","protected":false},"author":1,"featured_media":0,"parent":0,"menu_order":0,"comment_status":"closed","ping_status":"closed","template":"","meta":{"footnotes":""},"class_list":["post-842","page","type-page","status-publish","hentry"],"_links":{"self":[{"href":"https:\/\/www.kocglobalgroup.com.tr\/en\/wp-json\/wp\/v2\/pages\/842","targetHints":{"allow":["GET"]}}],"collection":[{"href":"https:\/\/www.kocglobalgroup.com.tr\/en\/wp-json\/wp\/v2\/pages"}],"about":[{"href":"https:\/\/www.kocglobalgroup.com.tr\/en\/wp-json\/wp\/v2\/types\/page"}],"author":[{"embeddable":true,"href":"https:\/\/www.kocglobalgroup.com.tr\/en\/wp-json\/wp\/v2\/users\/1"}],"replies":[{"embeddable":true,"href":"https:\/\/www.kocglobalgroup.com.tr\/en\/wp-json\/wp\/v2\/comments?post=842"}],"version-history":[{"count":9,"href":"https:\/\/www.kocglobalgroup.com.tr\/en\/wp-json\/wp\/v2\/pages\/842\/revisions"}],"predecessor-version":[{"id":1100,"href":"https:\/\/www.kocglobalgroup.com.tr\/en\/wp-json\/wp\/v2\/pages\/842\/revisions\/1100"}],"wp:attachment":[{"href":"https:\/\/www.kocglobalgroup.com.tr\/en\/wp-json\/wp\/v2\/media?parent=842"}],"curies":[{"name":"wp","href":"https:\/\/api.w.org\/{rel}","templated":true}]}}