{"id":848,"date":"2024-08-25T00:38:10","date_gmt":"2024-08-24T21:38:10","guid":{"rendered":"https:\/\/www.kocglobalgroup.com.tr\/?page_id=848"},"modified":"2024-08-30T21:19:01","modified_gmt":"2024-08-30T18:19:01","slug":"metal-grubu","status":"publish","type":"page","link":"https:\/\/www.kocglobalgroup.com.tr\/en\/metal-grubu\/","title":{"rendered":"METAL GROUP"},"content":{"rendered":"<div class=\"wpb-content-wrapper\"><div class=\"vc_row wpb_row vc_row-fluid\"><div class=\"wpb_column vc_column_container vc_col-sm-4\"><div class=\"vc_column-inner\"><div class=\"wpb_wrapper\">\n\t<div  class=\"wpb_single_image wpb_content_element vc_align_center wpb_content_element\">\n\t\t<h2 class=\"wpb_heading wpb_singleimage_heading\">Pipe and Profile<\/h2>\n\t\t<figure class=\"wpb_wrapper vc_figure\">\n\t\t\t<a href=\"https:\/\/www.kocglobalgroup.com.tr\/en\/boru-ve-profil\/\" target=\"_self\" class=\"vc_single_image-wrapper   vc_box_border_grey\"><img loading=\"lazy\" decoding=\"async\" width=\"400\" height=\"400\" src=\"https:\/\/www.kocglobalgroup.com.tr\/wp-content\/uploads\/2024\/08\/Boru-profil-koc-global.jpg\" class=\"vc_single_image-img attachment-full\" alt=\"\" title=\"Boru-profil-koc-global\" srcset=\"https:\/\/www.kocglobalgroup.com.tr\/wp-content\/uploads\/2024\/08\/Boru-profil-koc-global.jpg 400w, https:\/\/www.kocglobalgroup.com.tr\/wp-content\/uploads\/2024\/08\/Boru-profil-koc-global-300x300.jpg 300w, https:\/\/www.kocglobalgroup.com.tr\/wp-content\/uploads\/2024\/08\/Boru-profil-koc-global-150x150.jpg 150w, https:\/\/www.kocglobalgroup.com.tr\/wp-content\/uploads\/2024\/08\/Boru-profil-koc-global-360x360.jpg 360w\" sizes=\"auto, (max-width: 400px) 100vw, 400px\" \/><\/a>\n\t\t<\/figure>\n\t<\/div>\n<div class=\"vc_btn3-container vc_btn3-center vc_do_btn\" ><a class=\"vc_general vc_btn3 vc_btn3-size-md vc_btn3-shape-rounded vc_btn3-style-modern vc_btn3-color-grey\" href=\"https:\/\/www.kocglobalgroup.com.tr\/en\/boru-ve-profil\/\" title=\"\">Review<\/a><\/div><\/div><\/div><\/div><div class=\"wpb_column vc_column_container vc_col-sm-4\"><div class=\"vc_column-inner\"><div class=\"wpb_wrapper\">\n\t<div  class=\"wpb_single_image wpb_content_element vc_align_center wpb_content_element\">\n\t\t<h2 class=\"wpb_heading wpb_singleimage_heading\">Printed Sheet<\/h2>\n\t\t<figure class=\"wpb_wrapper vc_figure\">\n\t\t\t<a href=\"https:\/\/www.kocglobalgroup.com.tr\/en\/baskili-sac\/\" target=\"_self\" class=\"vc_single_image-wrapper   vc_box_border_grey\"><img loading=\"lazy\" decoding=\"async\" width=\"400\" height=\"400\" src=\"https:\/\/www.kocglobalgroup.com.tr\/wp-content\/uploads\/2024\/08\/baskili-sac.jpg\" class=\"vc_single_image-img attachment-full\" alt=\"\" title=\"bask\u0131l\u0131 sac\" srcset=\"https:\/\/www.kocglobalgroup.com.tr\/wp-content\/uploads\/2024\/08\/baskili-sac.jpg 400w, https:\/\/www.kocglobalgroup.com.tr\/wp-content\/uploads\/2024\/08\/baskili-sac-300x300.jpg 300w, https:\/\/www.kocglobalgroup.com.tr\/wp-content\/uploads\/2024\/08\/baskili-sac-150x150.jpg 150w, https:\/\/www.kocglobalgroup.com.tr\/wp-content\/uploads\/2024\/08\/baskili-sac-360x360.jpg 360w\" sizes=\"auto, (max-width: 400px) 100vw, 400px\" \/><\/a>\n\t\t<\/figure>\n\t<\/div>\n<div class=\"vc_btn3-container vc_btn3-center vc_do_btn\" ><a class=\"vc_general vc_btn3 vc_btn3-size-md vc_btn3-shape-rounded vc_btn3-style-modern vc_btn3-color-grey\" href=\"https:\/\/www.kocglobalgroup.com.tr\/en\/baskili-sac\/\" title=\"\">Review<\/a><\/div><\/div><\/div><\/div><div class=\"wpb_column vc_column_container vc_col-sm-4\"><div class=\"vc_column-inner\"><div class=\"wpb_wrapper\">\n\t<div  class=\"wpb_single_image wpb_content_element vc_align_center wpb_content_element\">\n\t\t<h2 class=\"wpb_heading wpb_singleimage_heading\">Roll Sheet<\/h2>\n\t\t<figure class=\"wpb_wrapper vc_figure\">\n\t\t\t<a href=\"https:\/\/www.kocglobalgroup.com.tr\/en\/rulo-sac\/\" target=\"_self\" class=\"vc_single_image-wrapper   vc_box_border_grey\"><img loading=\"lazy\" decoding=\"async\" width=\"400\" height=\"400\" src=\"https:\/\/www.kocglobalgroup.com.tr\/wp-content\/uploads\/2024\/08\/rulo-sac-koc.jpg\" class=\"vc_single_image-img attachment-full\" alt=\"\" title=\"rulo-sac-koc\" srcset=\"https:\/\/www.kocglobalgroup.com.tr\/wp-content\/uploads\/2024\/08\/rulo-sac-koc.jpg 400w, https:\/\/www.kocglobalgroup.com.tr\/wp-content\/uploads\/2024\/08\/rulo-sac-koc-300x300.jpg 300w, https:\/\/www.kocglobalgroup.com.tr\/wp-content\/uploads\/2024\/08\/rulo-sac-koc-150x150.jpg 150w, https:\/\/www.kocglobalgroup.com.tr\/wp-content\/uploads\/2024\/08\/rulo-sac-koc-360x360.jpg 360w\" sizes=\"auto, (max-width: 400px) 100vw, 400px\" \/><\/a>\n\t\t<\/figure>\n\t<\/div>\n<div class=\"vc_btn3-container vc_btn3-center vc_do_btn\" ><a class=\"vc_general vc_btn3 vc_btn3-size-md vc_btn3-shape-rounded vc_btn3-style-modern vc_btn3-color-grey\" href=\"https:\/\/www.kocglobalgroup.com.tr\/en\/rulo-sac\/\" title=\"\">Review<\/a><\/div><\/div><\/div><\/div><\/div><div class=\"vc_row wpb_row vc_row-fluid\"><div class=\"wpb_column vc_column_container vc_col-sm-12\"><div class=\"vc_column-inner\"><div class=\"wpb_wrapper\"><div class=\"vc_empty_space\"   style=\"height: 50px\"><span class=\"vc_empty_space_inner\"><\/span><\/div><\/div><\/div><\/div><\/div><div class=\"vc_row wpb_row vc_row-fluid\"><div class=\"wpb_column vc_column_container vc_col-sm-4\"><div class=\"vc_column-inner\"><div class=\"wpb_wrapper\">\n\t<div  class=\"wpb_single_image wpb_content_element vc_align_center wpb_content_element\">\n\t\t<h2 class=\"wpb_heading wpb_singleimage_heading\">Steel Mesh<\/h2>\n\t\t<figure class=\"wpb_wrapper vc_figure\">\n\t\t\t<a href=\"https:\/\/www.kocglobalgroup.com.tr\/en\/celik-hasirlar\/\" target=\"_self\" class=\"vc_single_image-wrapper   vc_box_border_grey\"><img loading=\"lazy\" decoding=\"async\" width=\"400\" height=\"400\" src=\"https:\/\/www.kocglobalgroup.com.tr\/wp-content\/uploads\/2024\/08\/celik-hasir-koc.jpg\" class=\"vc_single_image-img attachment-full\" alt=\"\" title=\"celik-hasir-koc\" srcset=\"https:\/\/www.kocglobalgroup.com.tr\/wp-content\/uploads\/2024\/08\/celik-hasir-koc.jpg 400w, https:\/\/www.kocglobalgroup.com.tr\/wp-content\/uploads\/2024\/08\/celik-hasir-koc-300x300.jpg 300w, https:\/\/www.kocglobalgroup.com.tr\/wp-content\/uploads\/2024\/08\/celik-hasir-koc-150x150.jpg 150w, https:\/\/www.kocglobalgroup.com.tr\/wp-content\/uploads\/2024\/08\/celik-hasir-koc-360x360.jpg 360w\" sizes=\"auto, (max-width: 400px) 100vw, 400px\" \/><\/a>\n\t\t<\/figure>\n\t<\/div>\n<div class=\"vc_btn3-container vc_btn3-center vc_do_btn\" ><a class=\"vc_general vc_btn3 vc_btn3-size-md vc_btn3-shape-rounded vc_btn3-style-modern vc_btn3-color-grey\" href=\"https:\/\/www.kocglobalgroup.com.tr\/en\/celik-hasirlar\/\" title=\"\">Review<\/a><\/div><\/div><\/div><\/div><div class=\"wpb_column vc_column_container vc_col-sm-4\"><div class=\"vc_column-inner\"><div class=\"wpb_wrapper\">\n\t<div  class=\"wpb_single_image wpb_content_element vc_align_center wpb_content_element\">\n\t\t<h2 class=\"wpb_heading wpb_singleimage_heading\">Wrought Iron Products<\/h2>\n\t\t<figure class=\"wpb_wrapper vc_figure\">\n\t\t\t<a href=\"https:\/\/www.kocglobalgroup.com.tr\/en\/ferforje-urunler\/\" target=\"_self\" class=\"vc_single_image-wrapper   vc_box_border_grey\"><img loading=\"lazy\" decoding=\"async\" width=\"400\" height=\"400\" src=\"https:\/\/www.kocglobalgroup.com.tr\/wp-content\/uploads\/2024\/08\/Ferforje-urunler-koc.jpg\" class=\"vc_single_image-img attachment-full\" alt=\"\" title=\"Ferforje-urunler-koc\" srcset=\"https:\/\/www.kocglobalgroup.com.tr\/wp-content\/uploads\/2024\/08\/Ferforje-urunler-koc.jpg 400w, https:\/\/www.kocglobalgroup.com.tr\/wp-content\/uploads\/2024\/08\/Ferforje-urunler-koc-300x300.jpg 300w, https:\/\/www.kocglobalgroup.com.tr\/wp-content\/uploads\/2024\/08\/Ferforje-urunler-koc-150x150.jpg 150w, https:\/\/www.kocglobalgroup.com.tr\/wp-content\/uploads\/2024\/08\/Ferforje-urunler-koc-360x360.jpg 360w\" sizes=\"auto, (max-width: 400px) 100vw, 400px\" \/><\/a>\n\t\t<\/figure>\n\t<\/div>\n<div class=\"vc_btn3-container vc_btn3-center vc_do_btn\" ><a class=\"vc_general vc_btn3 vc_btn3-size-md vc_btn3-shape-rounded vc_btn3-style-modern vc_btn3-color-grey\" href=\"https:\/\/www.kocglobalgroup.com.tr\/en\/ferforje-urunler\/\" title=\"\">Review<\/a><\/div><\/div><\/div><\/div><div class=\"wpb_column vc_column_container vc_col-sm-4\"><div class=\"vc_column-inner\"><div class=\"wpb_wrapper\">\n\t<div  class=\"wpb_single_image wpb_content_element vc_align_center wpb_content_element\">\n\t\t<h2 class=\"wpb_heading wpb_singleimage_heading\">Roller-Hinge-Slide<\/h2>\n\t\t<figure class=\"wpb_wrapper vc_figure\">\n\t\t\t<a href=\"https:\/\/www.kocglobalgroup.com.tr\/en\/makara-mentese-surgu\/\" target=\"_self\" class=\"vc_single_image-wrapper   vc_box_border_grey\"><img loading=\"lazy\" decoding=\"async\" width=\"400\" height=\"400\" src=\"https:\/\/www.kocglobalgroup.com.tr\/wp-content\/uploads\/2024\/08\/Makara-Mentese-Surgu-.jpgc_.jpg\" class=\"vc_single_image-img attachment-full\" alt=\"\" title=\"Makara-Mentese-Surgu-.jpgc\" srcset=\"https:\/\/www.kocglobalgroup.com.tr\/wp-content\/uploads\/2024\/08\/Makara-Mentese-Surgu-.jpgc_.jpg 400w, https:\/\/www.kocglobalgroup.com.tr\/wp-content\/uploads\/2024\/08\/Makara-Mentese-Surgu-.jpgc_-300x300.jpg 300w, https:\/\/www.kocglobalgroup.com.tr\/wp-content\/uploads\/2024\/08\/Makara-Mentese-Surgu-.jpgc_-150x150.jpg 150w, https:\/\/www.kocglobalgroup.com.tr\/wp-content\/uploads\/2024\/08\/Makara-Mentese-Surgu-.jpgc_-360x360.jpg 360w\" sizes=\"auto, (max-width: 400px) 100vw, 400px\" \/><\/a>\n\t\t<\/figure>\n\t<\/div>\n<div class=\"vc_btn3-container vc_btn3-center vc_do_btn\" ><a class=\"vc_general vc_btn3 vc_btn3-size-md vc_btn3-shape-rounded vc_btn3-style-modern vc_btn3-color-grey\" href=\"https:\/\/www.kocglobalgroup.com.tr\/en\/makara-mentese-surgu\/\" title=\"\">Review<\/a><\/div><\/div><\/div><\/div><\/div><div class=\"vc_row wpb_row vc_row-fluid\"><div class=\"wpb_column vc_column_container vc_col-sm-12\"><div class=\"vc_column-inner\"><div class=\"wpb_wrapper\"><div class=\"vc_empty_space\"   style=\"height: 50px\"><span class=\"vc_empty_space_inner\"><\/span><\/div><\/div><\/div><\/div><\/div><div class=\"vc_row wpb_row vc_row-fluid\"><div class=\"wpb_column vc_column_container vc_col-sm-4\"><div class=\"vc_column-inner\"><div class=\"wpb_wrapper\">\n\t<div  class=\"wpb_single_image wpb_content_element vc_align_center wpb_content_element\">\n\t\t<h2 class=\"wpb_heading wpb_singleimage_heading\">Door Handles<\/h2>\n\t\t<figure class=\"wpb_wrapper vc_figure\">\n\t\t\t<a href=\"https:\/\/www.kocglobalgroup.com.tr\/en\/kapi-kollari\/\" target=\"_self\" class=\"vc_single_image-wrapper   vc_box_border_grey\"><img loading=\"lazy\" decoding=\"async\" width=\"400\" height=\"400\" src=\"https:\/\/www.kocglobalgroup.com.tr\/wp-content\/uploads\/2024\/08\/1.jpg\" class=\"vc_single_image-img attachment-full\" alt=\"\" title=\"1\" srcset=\"https:\/\/www.kocglobalgroup.com.tr\/wp-content\/uploads\/2024\/08\/1.jpg 400w, https:\/\/www.kocglobalgroup.com.tr\/wp-content\/uploads\/2024\/08\/1-300x300.jpg 300w, https:\/\/www.kocglobalgroup.com.tr\/wp-content\/uploads\/2024\/08\/1-150x150.jpg 150w, https:\/\/www.kocglobalgroup.com.tr\/wp-content\/uploads\/2024\/08\/1-360x360.jpg 360w\" sizes=\"auto, (max-width: 400px) 100vw, 400px\" \/><\/a>\n\t\t<\/figure>\n\t<\/div>\n<div class=\"vc_btn3-container vc_btn3-center vc_do_btn\" ><a class=\"vc_general vc_btn3 vc_btn3-size-md vc_btn3-shape-rounded vc_btn3-style-modern vc_btn3-color-grey\" href=\"https:\/\/www.kocglobalgroup.com.tr\/en\/kapi-kollari\/\" title=\"\">Review<\/a><\/div><\/div><\/div><\/div><div class=\"wpb_column vc_column_container vc_col-sm-4\"><div class=\"vc_column-inner\"><div class=\"wpb_wrapper\">\n\t<div  class=\"wpb_single_image wpb_content_element vc_align_center wpb_content_element\">\n\t\t<h2 class=\"wpb_heading wpb_singleimage_heading\">Door Lock<\/h2>\n\t\t<figure class=\"wpb_wrapper vc_figure\">\n\t\t\t<a href=\"https:\/\/www.kocglobalgroup.com.tr\/en\/kapi-kilidi\/\" target=\"_self\" class=\"vc_single_image-wrapper   vc_box_border_grey\"><img loading=\"lazy\" decoding=\"async\" width=\"400\" height=\"400\" src=\"https:\/\/www.kocglobalgroup.com.tr\/wp-content\/uploads\/2024\/08\/Kapi-kilidi.jpg\" class=\"vc_single_image-img attachment-full\" alt=\"\" title=\"Kap\u0131 kilidi\" srcset=\"https:\/\/www.kocglobalgroup.com.tr\/wp-content\/uploads\/2024\/08\/Kapi-kilidi.jpg 400w, https:\/\/www.kocglobalgroup.com.tr\/wp-content\/uploads\/2024\/08\/Kapi-kilidi-300x300.jpg 300w, https:\/\/www.kocglobalgroup.com.tr\/wp-content\/uploads\/2024\/08\/Kapi-kilidi-150x150.jpg 150w, https:\/\/www.kocglobalgroup.com.tr\/wp-content\/uploads\/2024\/08\/Kapi-kilidi-360x360.jpg 360w\" sizes=\"auto, (max-width: 400px) 100vw, 400px\" \/><\/a>\n\t\t<\/figure>\n\t<\/div>\n<div class=\"vc_btn3-container vc_btn3-center vc_do_btn\" ><a class=\"vc_general vc_btn3 vc_btn3-size-md vc_btn3-shape-rounded vc_btn3-style-modern vc_btn3-color-grey\" href=\"https:\/\/www.kocglobalgroup.com.tr\/en\/kapi-kilidi\/\" title=\"\">Review<\/a><\/div><\/div><\/div><\/div><div class=\"wpb_column vc_column_container vc_col-sm-4\"><div class=\"vc_column-inner\"><div class=\"wpb_wrapper\">\n\t<div  class=\"wpb_single_image wpb_content_element vc_align_center wpb_content_element\">\n\t\t<h2 class=\"wpb_heading wpb_singleimage_heading\">Polycarbonate<\/h2>\n\t\t<figure class=\"wpb_wrapper vc_figure\">\n\t\t\t<a href=\"https:\/\/www.kocglobalgroup.com.tr\/en\/polikarbon\/\" target=\"_self\" class=\"vc_single_image-wrapper   vc_box_border_grey\"><img loading=\"lazy\" decoding=\"async\" width=\"400\" height=\"400\" src=\"https:\/\/www.kocglobalgroup.com.tr\/wp-content\/uploads\/2024\/08\/Polikarbon-.jpg\" class=\"vc_single_image-img attachment-full\" alt=\"\" title=\"Polycarbonate\" srcset=\"https:\/\/www.kocglobalgroup.com.tr\/wp-content\/uploads\/2024\/08\/Polikarbon-.jpg 400w, https:\/\/www.kocglobalgroup.com.tr\/wp-content\/uploads\/2024\/08\/Polikarbon--300x300.jpg 300w, https:\/\/www.kocglobalgroup.com.tr\/wp-content\/uploads\/2024\/08\/Polikarbon--150x150.jpg 150w, https:\/\/www.kocglobalgroup.com.tr\/wp-content\/uploads\/2024\/08\/Polikarbon--360x360.jpg 360w\" sizes=\"auto, (max-width: 400px) 100vw, 400px\" \/><\/a>\n\t\t<\/figure>\n\t<\/div>\n<div class=\"vc_btn3-container vc_btn3-center vc_do_btn\" ><a class=\"vc_general vc_btn3 vc_btn3-size-md vc_btn3-shape-rounded vc_btn3-style-modern vc_btn3-color-grey\" href=\"https:\/\/www.kocglobalgroup.com.tr\/en\/polikarbon\/\" title=\"\">Review<\/a><\/div><\/div><\/div><\/div><\/div><div class=\"vc_row wpb_row vc_row-fluid\"><div class=\"wpb_column vc_column_container vc_col-sm-12\"><div class=\"vc_column-inner\"><div class=\"wpb_wrapper\"><div class=\"vc_empty_space\"   style=\"height: 50px\"><span class=\"vc_empty_space_inner\"><\/span><\/div><\/div><\/div><\/div><\/div><div class=\"vc_row wpb_row vc_row-fluid\"><div class=\"wpb_column vc_column_container vc_col-sm-4\"><div class=\"vc_column-inner\"><div class=\"wpb_wrapper\">\n\t<div  class=\"wpb_single_image wpb_content_element vc_align_center wpb_content_element\">\n\t\t<h2 class=\"wpb_heading wpb_singleimage_heading\">Rebar<\/h2>\n\t\t<figure class=\"wpb_wrapper vc_figure\">\n\t\t\t<a href=\"https:\/\/www.kocglobalgroup.com.tr\/en\/insaat-demiri\/\" target=\"_self\" class=\"vc_single_image-wrapper   vc_box_border_grey\"><img loading=\"lazy\" decoding=\"async\" width=\"400\" height=\"400\" src=\"https:\/\/www.kocglobalgroup.com.tr\/wp-content\/uploads\/2024\/08\/Insaat-demiri.jpg\" class=\"vc_single_image-img attachment-full\" alt=\"\" title=\"\u0130n\u015faat demiri\" srcset=\"https:\/\/www.kocglobalgroup.com.tr\/wp-content\/uploads\/2024\/08\/Insaat-demiri.jpg 400w, https:\/\/www.kocglobalgroup.com.tr\/wp-content\/uploads\/2024\/08\/Insaat-demiri-300x300.jpg 300w, https:\/\/www.kocglobalgroup.com.tr\/wp-content\/uploads\/2024\/08\/Insaat-demiri-150x150.jpg 150w, https:\/\/www.kocglobalgroup.com.tr\/wp-content\/uploads\/2024\/08\/Insaat-demiri-360x360.jpg 360w\" sizes=\"auto, (max-width: 400px) 100vw, 400px\" \/><\/a>\n\t\t<\/figure>\n\t<\/div>\n<div class=\"vc_btn3-container vc_btn3-center vc_do_btn\" ><a class=\"vc_general vc_btn3 vc_btn3-size-md vc_btn3-shape-rounded vc_btn3-style-modern vc_btn3-color-grey\" href=\"https:\/\/www.kocglobalgroup.com.tr\/en\/insaat-demiri\/\" title=\"\">Review<\/a><\/div><\/div><\/div><\/div><div class=\"wpb_column vc_column_container vc_col-sm-4\"><div class=\"vc_column-inner\"><div class=\"wpb_wrapper\">\n\t<div  class=\"wpb_single_image wpb_content_element vc_align_center wpb_content_element\">\n\t\t<h2 class=\"wpb_heading wpb_singleimage_heading\">Welding Wires<\/h2>\n\t\t<figure class=\"wpb_wrapper vc_figure\">\n\t\t\t<a href=\"https:\/\/www.kocglobalgroup.com.tr\/en\/kaynak-teli\/\" target=\"_self\" class=\"vc_single_image-wrapper   vc_box_border_grey\"><img loading=\"lazy\" decoding=\"async\" width=\"400\" height=\"400\" src=\"https:\/\/www.kocglobalgroup.com.tr\/wp-content\/uploads\/2024\/08\/Kaynak-Telleri.jpg\" class=\"vc_single_image-img attachment-full\" alt=\"\" title=\"Welding Wires\" srcset=\"https:\/\/www.kocglobalgroup.com.tr\/wp-content\/uploads\/2024\/08\/Kaynak-Telleri.jpg 400w, https:\/\/www.kocglobalgroup.com.tr\/wp-content\/uploads\/2024\/08\/Kaynak-Telleri-300x300.jpg 300w, https:\/\/www.kocglobalgroup.com.tr\/wp-content\/uploads\/2024\/08\/Kaynak-Telleri-150x150.jpg 150w, https:\/\/www.kocglobalgroup.com.tr\/wp-content\/uploads\/2024\/08\/Kaynak-Telleri-360x360.jpg 360w\" sizes=\"auto, (max-width: 400px) 100vw, 400px\" \/><\/a>\n\t\t<\/figure>\n\t<\/div>\n<div class=\"vc_btn3-container vc_btn3-center vc_do_btn\" ><a class=\"vc_general vc_btn3 vc_btn3-size-md vc_btn3-shape-rounded vc_btn3-style-modern vc_btn3-color-grey\" href=\"https:\/\/www.kocglobalgroup.com.tr\/en\/kaynak-teli\/\" title=\"\">Review<\/a><\/div><\/div><\/div><\/div><div class=\"wpb_column vc_column_container vc_col-sm-4\"><div class=\"vc_column-inner\"><div class=\"wpb_wrapper\">\n\t<div  class=\"wpb_single_image wpb_content_element vc_align_center wpb_content_element\">\n\t\t<h2 class=\"wpb_heading wpb_singleimage_heading\">Laser<\/h2>\n\t\t<figure class=\"wpb_wrapper vc_figure\">\n\t\t\t<a href=\"https:\/\/www.kocglobalgroup.com.tr\/en\/lazer\/\" target=\"_self\" class=\"vc_single_image-wrapper   vc_box_border_grey\"><img loading=\"lazy\" decoding=\"async\" width=\"400\" height=\"400\" src=\"https:\/\/www.kocglobalgroup.com.tr\/wp-content\/uploads\/2024\/08\/lazer.jpge_.jpg\" class=\"vc_single_image-img attachment-full\" alt=\"\" title=\"lazer.jpge\" srcset=\"https:\/\/www.kocglobalgroup.com.tr\/wp-content\/uploads\/2024\/08\/lazer.jpge_.jpg 400w, https:\/\/www.kocglobalgroup.com.tr\/wp-content\/uploads\/2024\/08\/lazer.jpge_-300x300.jpg 300w, https:\/\/www.kocglobalgroup.com.tr\/wp-content\/uploads\/2024\/08\/lazer.jpge_-150x150.jpg 150w, https:\/\/www.kocglobalgroup.com.tr\/wp-content\/uploads\/2024\/08\/lazer.jpge_-360x360.jpg 360w\" sizes=\"auto, (max-width: 400px) 100vw, 400px\" \/><\/a>\n\t\t<\/figure>\n\t<\/div>\n<div class=\"vc_btn3-container vc_btn3-center vc_do_btn\" ><a class=\"vc_general vc_btn3 vc_btn3-size-md vc_btn3-shape-rounded vc_btn3-style-modern vc_btn3-color-grey\" href=\"https:\/\/www.kocglobalgroup.com.tr\/en\/lazer\/\" title=\"\">Review<\/a><\/div><\/div><\/div><\/div><\/div><div class=\"vc_row wpb_row vc_row-fluid\"><div class=\"wpb_column vc_column_container vc_col-sm-12\"><div class=\"vc_column-inner\"><div class=\"wpb_wrapper\"><div class=\"vc_empty_space\"   style=\"height: 50px\"><span class=\"vc_empty_space_inner\"><\/span><\/div><\/div><\/div><\/div><\/div><div class=\"vc_row wpb_row vc_row-fluid\"><div class=\"wpb_column vc_column_container vc_col-sm-4\"><div class=\"vc_column-inner\"><div class=\"wpb_wrapper\">\n\t<div  class=\"wpb_single_image wpb_content_element vc_align_center wpb_content_element\">\n\t\t<h2 class=\"wpb_heading wpb_singleimage_heading\">Steel Door<\/h2>\n\t\t<figure class=\"wpb_wrapper vc_figure\">\n\t\t\t<a href=\"https:\/\/www.kocglobalgroup.com.tr\/en\/celik-kapi\/\" target=\"_self\" class=\"vc_single_image-wrapper   vc_box_border_grey\"><img loading=\"lazy\" decoding=\"async\" width=\"400\" height=\"400\" src=\"https:\/\/www.kocglobalgroup.com.tr\/wp-content\/uploads\/2024\/08\/Celik-kapi.jpg\" class=\"vc_single_image-img attachment-full\" alt=\"\" title=\"\u00c7elik kap\u0131\" srcset=\"https:\/\/www.kocglobalgroup.com.tr\/wp-content\/uploads\/2024\/08\/Celik-kapi.jpg 400w, https:\/\/www.kocglobalgroup.com.tr\/wp-content\/uploads\/2024\/08\/Celik-kapi-300x300.jpg 300w, https:\/\/www.kocglobalgroup.com.tr\/wp-content\/uploads\/2024\/08\/Celik-kapi-150x150.jpg 150w, https:\/\/www.kocglobalgroup.com.tr\/wp-content\/uploads\/2024\/08\/Celik-kapi-360x360.jpg 360w\" sizes=\"auto, (max-width: 400px) 100vw, 400px\" \/><\/a>\n\t\t<\/figure>\n\t<\/div>\n<div class=\"vc_btn3-container vc_btn3-center vc_do_btn\" ><a class=\"vc_general vc_btn3 vc_btn3-size-md vc_btn3-shape-rounded vc_btn3-style-modern vc_btn3-color-grey\" href=\"https:\/\/www.kocglobalgroup.com.tr\/en\/celik-kapi\/\" title=\"\">Review<\/a><\/div><\/div><\/div><\/div><div class=\"wpb_column vc_column_container vc_col-sm-4\"><div class=\"vc_column-inner\"><div class=\"wpb_wrapper\">\n\t<div  class=\"wpb_single_image wpb_content_element vc_align_center wpb_content_element\">\n\t\t<h2 class=\"wpb_heading wpb_singleimage_heading\">Accessories<\/h2>\n\t\t<figure class=\"wpb_wrapper vc_figure\">\n\t\t\t<a href=\"https:\/\/www.kocglobalgroup.com.tr\/en\/aksesuar\/\" target=\"_self\" class=\"vc_single_image-wrapper   vc_box_border_grey\"><img loading=\"lazy\" decoding=\"async\" width=\"400\" height=\"400\" src=\"https:\/\/www.kocglobalgroup.com.tr\/wp-content\/uploads\/2024\/08\/Aksesuar-.jpg\" class=\"vc_single_image-img attachment-full\" alt=\"\" title=\"Accessory\" srcset=\"https:\/\/www.kocglobalgroup.com.tr\/wp-content\/uploads\/2024\/08\/Aksesuar-.jpg 400w, https:\/\/www.kocglobalgroup.com.tr\/wp-content\/uploads\/2024\/08\/Aksesuar--300x300.jpg 300w, https:\/\/www.kocglobalgroup.com.tr\/wp-content\/uploads\/2024\/08\/Aksesuar--150x150.jpg 150w, https:\/\/www.kocglobalgroup.com.tr\/wp-content\/uploads\/2024\/08\/Aksesuar--360x360.jpg 360w\" sizes=\"auto, (max-width: 400px) 100vw, 400px\" \/><\/a>\n\t\t<\/figure>\n\t<\/div>\n<div class=\"vc_btn3-container vc_btn3-center vc_do_btn\" ><a class=\"vc_general vc_btn3 vc_btn3-size-md vc_btn3-shape-rounded vc_btn3-style-modern vc_btn3-color-grey\" href=\"https:\/\/www.kocglobalgroup.com.tr\/en\/aksesuar\/\" title=\"\">Review<\/a><\/div><\/div><\/div><\/div><div class=\"wpb_column vc_column_container vc_col-sm-4\"><div class=\"vc_column-inner\"><div class=\"wpb_wrapper\"><\/div><\/div><\/div><\/div><div class=\"vc_row wpb_row vc_row-fluid\"><div class=\"wpb_column vc_column_container vc_col-sm-12\"><div class=\"vc_column-inner\"><div class=\"wpb_wrapper\"><div class=\"vc_empty_space\"   style=\"height: 40px\"><span class=\"vc_empty_space_inner\"><\/span><\/div>\n\t<div class=\"wpb_text_column wpb_content_element\" >\n\t\t<div class=\"wpb_wrapper\">\n\t\t\t<div class=\"wpb_text_column wpb_content_element\">\n<div class=\"wpb_wrapper\">\n<p>It started its operations in Gaziantep in March 2014.\u00a0 <strong>Ko\u00e7 Global Group Industry and Trade<\/strong> With its wide product portfolio, in the construction industry and its affiliated branches in the domestic and foreign markets; It supplies iron and steel products in order to make growth sustainable, create added value in the national economy and support development. With its quality and customer relations policy, it has charted a determined growth since its establishment in regions where demand is intense; <strong><em>pipe and profile, printed sheet metal, coil sheet, steel mesh, wrought iron products, laser, roller-hinge-slider, door handles, door lock, polycarbonate, rebar, welding wires, steel doors and accessories<\/em><\/strong> It supplies products in groups.<\/p>\n<\/div>\n<\/div>\n<div class=\"wpb_text_column wpb_content_element vc_custom_1640826036347\">\n<div class=\"wpb_wrapper\">\n<p><em><strong>Ko\u00e7 Global Group<\/strong><\/em> As, we are determined to provide our customers with the quality products, storage and delivery services they need with efficient and sustainable methods. We work devotedly to create added value in iron and steel and related industries by carrying out continuous improvement activities in all areas we serve in our organization.<\/p>\n<p>We are proud of our transparent and trust-based working policies with all our customers and the high growth rate that our policy has provided to our organization. In order to provide the highest benefit to all parties in the production - supply chain, we constantly improve ourselves in our certified product supply methods and closely follow technological developments in the field. As a requirement of our mission to be a strong, trustworthy and respected organization in the sector, our commitment to our customer satisfaction-oriented service approach is unwavering.<\/p>\n<\/div>\n<\/div>\n\n\t\t<\/div>\n\t<\/div>\n<div class=\"vc_empty_space\"   style=\"height: 55px\"><span class=\"vc_empty_space_inner\"><\/span><\/div><\/div><\/div><\/div><\/div>\n<\/div>","protected":false},"excerpt":{"rendered":"Boru ve Profil \u0130nceleyiniz Bask\u0131l\u0131 Sac \u0130nceleyiniz Rulo Sac \u0130nceleyiniz \u00c7elik Has\u0131rlar \u0130nceleyiniz Ferforje \u00dcr\u00fcnler \u0130nceleyiniz Makara-Mente\u015fe- S\u00fcrg\u00fc \u0130nceleyiniz Kap\u0131 Kollar\u0131 \u0130nceleyiniz Kap\u0131 Kilidi \u0130nceleyiniz Polikarbon \u0130nceleyiniz \u0130n\u015faat Demiri \u0130nceleyiniz Kaynak Telleri \u0130nceleyiniz Lazer \u0130nceleyiniz \u00c7elik Kap\u0131 \u0130nceleyiniz Aksesuarlar \u0130nceleyiniz...","protected":false},"author":1,"featured_media":0,"parent":0,"menu_order":0,"comment_status":"closed","ping_status":"closed","template":"","meta":{"footnotes":""},"class_list":["post-848","page","type-page","status-publish","hentry"],"_links":{"self":[{"href":"https:\/\/www.kocglobalgroup.com.tr\/en\/wp-json\/wp\/v2\/pages\/848","targetHints":{"allow":["GET"]}}],"collection":[{"href":"https:\/\/www.kocglobalgroup.com.tr\/en\/wp-json\/wp\/v2\/pages"}],"about":[{"href":"https:\/\/www.kocglobalgroup.com.tr\/en\/wp-json\/wp\/v2\/types\/page"}],"author":[{"embeddable":true,"href":"https:\/\/www.kocglobalgroup.com.tr\/en\/wp-json\/wp\/v2\/users\/1"}],"replies":[{"embeddable":true,"href":"https:\/\/www.kocglobalgroup.com.tr\/en\/wp-json\/wp\/v2\/comments?post=848"}],"version-history":[{"count":48,"href":"https:\/\/www.kocglobalgroup.com.tr\/en\/wp-json\/wp\/v2\/pages\/848\/revisions"}],"predecessor-version":[{"id":1151,"href":"https:\/\/www.kocglobalgroup.com.tr\/en\/wp-json\/wp\/v2\/pages\/848\/revisions\/1151"}],"wp:attachment":[{"href":"https:\/\/www.kocglobalgroup.com.tr\/en\/wp-json\/wp\/v2\/media?parent=848"}],"curies":[{"name":"wp","href":"https:\/\/api.w.org\/{rel}","templated":true}]}}