{"id":864,"date":"2024-08-25T00:44:43","date_gmt":"2024-08-24T21:44:43","guid":{"rendered":"https:\/\/www.kocglobalgroup.com.tr\/?page_id=864"},"modified":"2024-08-27T03:38:33","modified_gmt":"2024-08-27T00:38:33","slug":"hijyen-ve-temizlik-urunleri","status":"publish","type":"page","link":"https:\/\/www.kocglobalgroup.com.tr\/en\/hijyen-ve-temizlik-urunleri\/","title":{"rendered":"HYGIENE AND CLEANING PRODUCTS"},"content":{"rendered":"<div class=\"wpb-content-wrapper\"><div class=\"vc_row wpb_row vc_row-fluid\"><div class=\"wpb_column vc_column_container vc_col-sm-4\"><div class=\"vc_column-inner\"><div class=\"wpb_wrapper\">\n\t<div  class=\"wpb_single_image wpb_content_element vc_align_center wpb_content_element\">\n\t\t<h2 class=\"wpb_heading wpb_singleimage_heading\">Baby wipes<\/h2>\n\t\t<figure class=\"wpb_wrapper vc_figure\">\n\t\t\t<a href=\"https:\/\/www.kocglobalgroup.com.tr\/en\/islak-mendil\/\" target=\"_self\" class=\"vc_single_image-wrapper   vc_box_border_grey\"><img loading=\"lazy\" decoding=\"async\" width=\"400\" height=\"400\" src=\"https:\/\/www.kocglobalgroup.com.tr\/wp-content\/uploads\/2024\/08\/Hijyen-ve-temizlik-urunleri.jpg\" class=\"vc_single_image-img attachment-full\" alt=\"\" title=\"Hijyen ve temizlik \u00fcr\u00fcnleri\" srcset=\"https:\/\/www.kocglobalgroup.com.tr\/wp-content\/uploads\/2024\/08\/Hijyen-ve-temizlik-urunleri.jpg 400w, https:\/\/www.kocglobalgroup.com.tr\/wp-content\/uploads\/2024\/08\/Hijyen-ve-temizlik-urunleri-300x300.jpg 300w, https:\/\/www.kocglobalgroup.com.tr\/wp-content\/uploads\/2024\/08\/Hijyen-ve-temizlik-urunleri-150x150.jpg 150w, https:\/\/www.kocglobalgroup.com.tr\/wp-content\/uploads\/2024\/08\/Hijyen-ve-temizlik-urunleri-360x360.jpg 360w\" sizes=\"auto, (max-width: 400px) 100vw, 400px\" \/><\/a>\n\t\t<\/figure>\n\t<\/div>\n<div class=\"vc_btn3-container vc_btn3-center vc_do_btn\" ><a class=\"vc_general vc_btn3 vc_btn3-size-md vc_btn3-shape-rounded vc_btn3-style-modern vc_btn3-color-grey\" href=\"https:\/\/www.kocglobalgroup.com.tr\/en\/islak-mendil\/\" title=\"\">Review<\/a><\/div><\/div><\/div><\/div><div class=\"wpb_column vc_column_container vc_col-sm-4\"><div class=\"vc_column-inner\"><div class=\"wpb_wrapper\">\n\t<div  class=\"wpb_single_image wpb_content_element vc_align_center wpb_content_element\">\n\t\t<h2 class=\"wpb_heading wpb_singleimage_heading\">Diapers and care products<\/h2>\n\t\t<figure class=\"wpb_wrapper vc_figure\">\n\t\t\t<a href=\"https:\/\/www.kocglobalgroup.com.tr\/en\/cocuk-bezi\/\" target=\"_self\" class=\"vc_single_image-wrapper   vc_box_border_grey\"><img loading=\"lazy\" decoding=\"async\" width=\"400\" height=\"400\" src=\"https:\/\/www.kocglobalgroup.com.tr\/wp-content\/uploads\/2024\/08\/Cocuk-bezi-ve-bakim-urunleri.jpg\" class=\"vc_single_image-img attachment-full\" alt=\"\" title=\"Cocuk-bezi-ve-bakim-urunleri\" srcset=\"https:\/\/www.kocglobalgroup.com.tr\/wp-content\/uploads\/2024\/08\/Cocuk-bezi-ve-bakim-urunleri.jpg 400w, https:\/\/www.kocglobalgroup.com.tr\/wp-content\/uploads\/2024\/08\/Cocuk-bezi-ve-bakim-urunleri-300x300.jpg 300w, https:\/\/www.kocglobalgroup.com.tr\/wp-content\/uploads\/2024\/08\/Cocuk-bezi-ve-bakim-urunleri-150x150.jpg 150w, https:\/\/www.kocglobalgroup.com.tr\/wp-content\/uploads\/2024\/08\/Cocuk-bezi-ve-bakim-urunleri-360x360.jpg 360w\" sizes=\"auto, (max-width: 400px) 100vw, 400px\" \/><\/a>\n\t\t<\/figure>\n\t<\/div>\n<div class=\"vc_btn3-container vc_btn3-center vc_do_btn\" ><a class=\"vc_general vc_btn3 vc_btn3-size-md vc_btn3-shape-rounded vc_btn3-style-modern vc_btn3-color-grey\" href=\"https:\/\/www.kocglobalgroup.com.tr\/en\/cocuk-bezi\/\" title=\"\">Review<\/a><\/div><\/div><\/div><\/div><div class=\"wpb_column vc_column_container vc_col-sm-4\"><div class=\"vc_column-inner\"><div class=\"wpb_wrapper\">\n\t<div  class=\"wpb_single_image wpb_content_element vc_align_center wpb_content_element\">\n\t\t<h2 class=\"wpb_heading wpb_singleimage_heading\">Adult diapers and care products<\/h2>\n\t\t<figure class=\"wpb_wrapper vc_figure\">\n\t\t\t<a href=\"https:\/\/www.kocglobalgroup.com.tr\/en\/yetiskin-bezi\/\" target=\"_self\" class=\"vc_single_image-wrapper   vc_box_border_grey\"><img loading=\"lazy\" decoding=\"async\" width=\"400\" height=\"400\" src=\"https:\/\/www.kocglobalgroup.com.tr\/wp-content\/uploads\/2024\/08\/Yetiskin-bezi-ve-bakim.jpg\" class=\"vc_single_image-img attachment-full\" alt=\"\" title=\"Yetiskin-bezi-ve-bakim\" srcset=\"https:\/\/www.kocglobalgroup.com.tr\/wp-content\/uploads\/2024\/08\/Yetiskin-bezi-ve-bakim.jpg 400w, https:\/\/www.kocglobalgroup.com.tr\/wp-content\/uploads\/2024\/08\/Yetiskin-bezi-ve-bakim-300x300.jpg 300w, https:\/\/www.kocglobalgroup.com.tr\/wp-content\/uploads\/2024\/08\/Yetiskin-bezi-ve-bakim-150x150.jpg 150w, https:\/\/www.kocglobalgroup.com.tr\/wp-content\/uploads\/2024\/08\/Yetiskin-bezi-ve-bakim-360x360.jpg 360w\" sizes=\"auto, (max-width: 400px) 100vw, 400px\" \/><\/a>\n\t\t<\/figure>\n\t<\/div>\n<div class=\"vc_btn3-container vc_btn3-center vc_do_btn\" ><a class=\"vc_general vc_btn3 vc_btn3-size-md vc_btn3-shape-rounded vc_btn3-style-modern vc_btn3-color-grey\" href=\"https:\/\/www.kocglobalgroup.com.tr\/en\/yetiskin-bezi\/\" title=\"\">Review<\/a><\/div><\/div><\/div><\/div><\/div><div class=\"vc_row wpb_row vc_row-fluid\"><div class=\"wpb_column vc_column_container vc_col-sm-12\"><div class=\"vc_column-inner\"><div class=\"wpb_wrapper\"><div class=\"vc_empty_space\"   style=\"height: 55px\"><span class=\"vc_empty_space_inner\"><\/span><\/div><\/div><\/div><\/div><\/div><div class=\"vc_row wpb_row vc_row-fluid\"><div class=\"wpb_column vc_column_container vc_col-sm-6\"><div class=\"vc_column-inner\"><div class=\"wpb_wrapper\">\n\t<div  class=\"wpb_single_image wpb_content_element vc_align_center wpb_content_element\">\n\t\t\n\t\t<figure class=\"wpb_wrapper vc_figure\">\n\t\t\t<div class=\"vc_single_image-wrapper   vc_box_border_grey\"><img loading=\"lazy\" decoding=\"async\" width=\"500\" height=\"400\" src=\"https:\/\/www.kocglobalgroup.com.tr\/wp-content\/uploads\/2024\/08\/koc-global-hijyen-2.jpg\" class=\"vc_single_image-img attachment-full\" alt=\"\" title=\"koc-global-hijyen\" srcset=\"https:\/\/www.kocglobalgroup.com.tr\/wp-content\/uploads\/2024\/08\/koc-global-hijyen-2.jpg 500w, https:\/\/www.kocglobalgroup.com.tr\/wp-content\/uploads\/2024\/08\/koc-global-hijyen-2-300x240.jpg 300w, https:\/\/www.kocglobalgroup.com.tr\/wp-content\/uploads\/2024\/08\/koc-global-hijyen-2-370x296.jpg 370w, https:\/\/www.kocglobalgroup.com.tr\/wp-content\/uploads\/2024\/08\/koc-global-hijyen-2-360x288.jpg 360w\" sizes=\"auto, (max-width: 500px) 100vw, 500px\" \/><\/div>\n\t\t<\/figure>\n\t<\/div>\n<div class=\"vc_empty_space\"   style=\"height: 32px\"><span class=\"vc_empty_space_inner\"><\/span><\/div>\n\t<div  class=\"wpb_single_image wpb_content_element vc_align_center wpb_content_element\">\n\t\t\n\t\t<figure class=\"wpb_wrapper vc_figure\">\n\t\t\t<div class=\"vc_single_image-wrapper   vc_box_border_grey\"><img loading=\"lazy\" decoding=\"async\" width=\"1000\" height=\"500\" src=\"https:\/\/www.kocglobalgroup.com.tr\/wp-content\/uploads\/2024\/08\/koc-global-cocuk-bezi.jpg\" class=\"vc_single_image-img attachment-full\" alt=\"\" title=\"koc-global-cocuk-bezi\" srcset=\"https:\/\/www.kocglobalgroup.com.tr\/wp-content\/uploads\/2024\/08\/koc-global-cocuk-bezi.jpg 1000w, https:\/\/www.kocglobalgroup.com.tr\/wp-content\/uploads\/2024\/08\/koc-global-cocuk-bezi-300x150.jpg 300w, https:\/\/www.kocglobalgroup.com.tr\/wp-content\/uploads\/2024\/08\/koc-global-cocuk-bezi-768x384.jpg 768w, https:\/\/www.kocglobalgroup.com.tr\/wp-content\/uploads\/2024\/08\/koc-global-cocuk-bezi-370x185.jpg 370w, https:\/\/www.kocglobalgroup.com.tr\/wp-content\/uploads\/2024\/08\/koc-global-cocuk-bezi-360x180.jpg 360w\" sizes=\"auto, (max-width: 1000px) 100vw, 1000px\" \/><\/div>\n\t\t<\/figure>\n\t<\/div>\n<\/div><\/div><\/div><div class=\"wpb_column vc_column_container vc_col-sm-6\"><div class=\"vc_column-inner\"><div class=\"wpb_wrapper\">\n\t<div class=\"wpb_text_column wpb_content_element\" >\n\t\t<div class=\"wpb_wrapper\">\n\t\t\t<p><em><strong>Ko\u00e7 Global Group<\/strong><\/em>, within our areas of activity <strong><em>Hygiene and Cleaning Products<\/em><\/strong> It aims to be one of Turkey's leading companies that has achieved customer satisfaction with its service and service infrastructure in the field of industrial cleaning and hygiene products production in recent years. One of our areas of activity is <strong><em>Baby wipes,<\/em> Diapers and care products, Adult diapers and care<\/strong> \u00fcr\u00fcnleridir<\/p>\n<p>It aims to meet customer demands on time, with high quality and in the best conditions, and to be a RESPECTFUL organization in its market, a LEADER in its region, and a DIRECTOR in its sector.<\/p>\n<p>With our understanding that prioritizes customer satisfaction, our employees who put their hearts into their work, and our widespread service network, we can respond to your needs immediately and without any problems.<\/p>\n<p>Our aim is to ensure customer satisfaction at minimum cost and to be together and work together with you, our valued business partners, not only today but also in the future as in the past.<\/p>\n\n\t\t<\/div>\n\t<\/div>\n<\/div><\/div><\/div><\/div>\n<\/div>","protected":false},"excerpt":{"rendered":"Islak mendil \u0130nceleyiniz \u00c7ocuk bezi ve bak\u0131m \u00fcr\u00fcnleri \u0130nceleyiniz Yeti\u015fkin bezi ve bak\u0131m \u00fcr\u00fcnleri \u0130nceleyiniz Ko\u00e7 Global Group, Faailiyet alanlar\u0131m\u0131z\u0131n i\u00e7erisinde bulunan Hijyen ve Temizlik \u00dcr\u00fcnleri son y\u0131llarda endu\u0308striyel temizlik ve hijyen u\u0308ru\u0308nleri u\u0308retimi alan\u0131nda hizmet ve servis altyap\u0131s\u0131 ile...","protected":false},"author":1,"featured_media":0,"parent":0,"menu_order":0,"comment_status":"closed","ping_status":"closed","template":"","meta":{"footnotes":""},"class_list":["post-864","page","type-page","status-publish","hentry"],"_links":{"self":[{"href":"https:\/\/www.kocglobalgroup.com.tr\/en\/wp-json\/wp\/v2\/pages\/864","targetHints":{"allow":["GET"]}}],"collection":[{"href":"https:\/\/www.kocglobalgroup.com.tr\/en\/wp-json\/wp\/v2\/pages"}],"about":[{"href":"https:\/\/www.kocglobalgroup.com.tr\/en\/wp-json\/wp\/v2\/types\/page"}],"author":[{"embeddable":true,"href":"https:\/\/www.kocglobalgroup.com.tr\/en\/wp-json\/wp\/v2\/users\/1"}],"replies":[{"embeddable":true,"href":"https:\/\/www.kocglobalgroup.com.tr\/en\/wp-json\/wp\/v2\/comments?post=864"}],"version-history":[{"count":8,"href":"https:\/\/www.kocglobalgroup.com.tr\/en\/wp-json\/wp\/v2\/pages\/864\/revisions"}],"predecessor-version":[{"id":1095,"href":"https:\/\/www.kocglobalgroup.com.tr\/en\/wp-json\/wp\/v2\/pages\/864\/revisions\/1095"}],"wp:attachment":[{"href":"https:\/\/www.kocglobalgroup.com.tr\/en\/wp-json\/wp\/v2\/media?parent=864"}],"curies":[{"name":"wp","href":"https:\/\/api.w.org\/{rel}","templated":true}]}}