{"id":871,"date":"2024-08-25T00:46:39","date_gmt":"2024-08-24T21:46:39","guid":{"rendered":"https:\/\/www.kocglobalgroup.com.tr\/?page_id=871"},"modified":"2024-08-27T03:52:00","modified_gmt":"2024-08-27T00:52:00","slug":"gida-urunleri","status":"publish","type":"page","link":"https:\/\/www.kocglobalgroup.com.tr\/en\/gida-urunleri\/","title":{"rendered":"FOOD PRODUCTS"},"content":{"rendered":"<div class=\"wpb-content-wrapper\"><div class=\"vc_row wpb_row vc_row-fluid\"><div class=\"wpb_column vc_column_container vc_col-sm-12\"><div class=\"vc_column-inner\"><div class=\"wpb_wrapper\"><div class=\"vc_row wpb_row vc_inner vc_row-fluid\"><div class=\"wpb_column vc_column_container vc_col-sm-4\"><div class=\"vc_column-inner\"><div class=\"wpb_wrapper\">\n\t<div  class=\"wpb_single_image wpb_content_element vc_align_center wpb_content_element\">\n\t\t<h2 class=\"wpb_heading wpb_singleimage_heading\">Legumes<\/h2>\n\t\t<figure class=\"wpb_wrapper vc_figure\">\n\t\t\t<a href=\"https:\/\/www.kocglobalgroup.com.tr\/en\/bakliyat\/\" target=\"_self\" class=\"vc_single_image-wrapper   vc_box_border_grey\"><img loading=\"lazy\" decoding=\"async\" width=\"500\" height=\"400\" src=\"https:\/\/www.kocglobalgroup.com.tr\/wp-content\/uploads\/2024\/08\/fgdfs.jpg\" class=\"vc_single_image-img attachment-full\" alt=\"\" title=\"fgdfs\" srcset=\"https:\/\/www.kocglobalgroup.com.tr\/wp-content\/uploads\/2024\/08\/fgdfs.jpg 500w, https:\/\/www.kocglobalgroup.com.tr\/wp-content\/uploads\/2024\/08\/fgdfs-300x240.jpg 300w, https:\/\/www.kocglobalgroup.com.tr\/wp-content\/uploads\/2024\/08\/fgdfs-370x296.jpg 370w, https:\/\/www.kocglobalgroup.com.tr\/wp-content\/uploads\/2024\/08\/fgdfs-360x288.jpg 360w\" sizes=\"auto, (max-width: 500px) 100vw, 500px\" \/><\/a>\n\t\t<\/figure>\n\t<\/div>\n<div class=\"vc_btn3-container vc_btn3-center vc_do_btn\" ><a class=\"vc_general vc_btn3 vc_btn3-size-md vc_btn3-shape-rounded vc_btn3-style-modern vc_btn3-color-grey\" href=\"https:\/\/www.kocglobalgroup.com.tr\/en\/bakliyat\/\" title=\"\">Review<\/a><\/div><\/div><\/div><\/div><div class=\"wpb_column vc_column_container vc_col-sm-4\"><div class=\"vc_column-inner\"><div class=\"wpb_wrapper\">\n\t<div  class=\"wpb_single_image wpb_content_element vc_align_center wpb_content_element\">\n\t\t<h2 class=\"wpb_heading wpb_singleimage_heading\">Nuts<\/h2>\n\t\t<figure class=\"wpb_wrapper vc_figure\">\n\t\t\t<a href=\"https:\/\/www.kocglobalgroup.com.tr\/en\/kuruyemis\/\" target=\"_self\" class=\"vc_single_image-wrapper   vc_box_border_grey\"><img loading=\"lazy\" decoding=\"async\" width=\"500\" height=\"400\" src=\"https:\/\/www.kocglobalgroup.com.tr\/wp-content\/uploads\/2024\/08\/Kuruyemis-koc-global.jpg\" class=\"vc_single_image-img attachment-full\" alt=\"\" title=\"Kuruyemis-koc-global\" srcset=\"https:\/\/www.kocglobalgroup.com.tr\/wp-content\/uploads\/2024\/08\/Kuruyemis-koc-global.jpg 500w, https:\/\/www.kocglobalgroup.com.tr\/wp-content\/uploads\/2024\/08\/Kuruyemis-koc-global-300x240.jpg 300w, https:\/\/www.kocglobalgroup.com.tr\/wp-content\/uploads\/2024\/08\/Kuruyemis-koc-global-370x296.jpg 370w, https:\/\/www.kocglobalgroup.com.tr\/wp-content\/uploads\/2024\/08\/Kuruyemis-koc-global-360x288.jpg 360w\" sizes=\"auto, (max-width: 500px) 100vw, 500px\" \/><\/a>\n\t\t<\/figure>\n\t<\/div>\n<div class=\"vc_btn3-container vc_btn3-center vc_do_btn\" ><a class=\"vc_general vc_btn3 vc_btn3-size-md vc_btn3-shape-rounded vc_btn3-style-modern vc_btn3-color-grey\" href=\"https:\/\/www.kocglobalgroup.com.tr\/en\/kuruyemis\/\" title=\"\">Review<\/a><\/div><\/div><\/div><\/div><div class=\"wpb_column vc_column_container vc_col-sm-4\"><div class=\"vc_column-inner\"><div class=\"wpb_wrapper\">\n\t<div  class=\"wpb_single_image wpb_content_element vc_align_center wpb_content_element\">\n\t\t<h2 class=\"wpb_heading wpb_singleimage_heading\">Spice<\/h2>\n\t\t<figure class=\"wpb_wrapper vc_figure\">\n\t\t\t<a href=\"https:\/\/www.kocglobalgroup.com.tr\/en\/baharat\/\" target=\"_self\" class=\"vc_single_image-wrapper   vc_box_border_grey\"><img loading=\"lazy\" decoding=\"async\" width=\"500\" height=\"400\" src=\"https:\/\/www.kocglobalgroup.com.tr\/wp-content\/uploads\/2024\/08\/Baharat-koc-global.jpg\" class=\"vc_single_image-img attachment-full\" alt=\"\" title=\"Baharat-koc-global\" srcset=\"https:\/\/www.kocglobalgroup.com.tr\/wp-content\/uploads\/2024\/08\/Baharat-koc-global.jpg 500w, https:\/\/www.kocglobalgroup.com.tr\/wp-content\/uploads\/2024\/08\/Baharat-koc-global-300x240.jpg 300w, https:\/\/www.kocglobalgroup.com.tr\/wp-content\/uploads\/2024\/08\/Baharat-koc-global-370x296.jpg 370w, https:\/\/www.kocglobalgroup.com.tr\/wp-content\/uploads\/2024\/08\/Baharat-koc-global-360x288.jpg 360w\" sizes=\"auto, (max-width: 500px) 100vw, 500px\" \/><\/a>\n\t\t<\/figure>\n\t<\/div>\n<div class=\"vc_btn3-container vc_btn3-center vc_do_btn\" ><a class=\"vc_general vc_btn3 vc_btn3-size-md vc_btn3-shape-rounded vc_btn3-style-modern vc_btn3-color-grey\" href=\"https:\/\/www.kocglobalgroup.com.tr\/en\/baharat\/\" title=\"\">Review<\/a><\/div><\/div><\/div><\/div><\/div><\/div><\/div><\/div><\/div><div class=\"vc_row wpb_row vc_row-fluid\"><div class=\"wpb_column vc_column_container vc_col-sm-6\"><div class=\"vc_column-inner\"><div class=\"wpb_wrapper\">\n\t<div  class=\"wpb_single_image wpb_content_element vc_align_center wpb_content_element\">\n\t\t\n\t\t<figure class=\"wpb_wrapper vc_figure\">\n\t\t\t<div class=\"vc_single_image-wrapper   vc_box_border_grey\"><img loading=\"lazy\" decoding=\"async\" width=\"1300\" height=\"740\" src=\"https:\/\/www.kocglobalgroup.com.tr\/wp-content\/uploads\/2024\/08\/koc-global-bakliyat.jpg\" class=\"vc_single_image-img attachment-full\" alt=\"\" title=\"koc-global-bakliyat\" srcset=\"https:\/\/www.kocglobalgroup.com.tr\/wp-content\/uploads\/2024\/08\/koc-global-bakliyat.jpg 1300w, https:\/\/www.kocglobalgroup.com.tr\/wp-content\/uploads\/2024\/08\/koc-global-bakliyat-300x171.jpg 300w, https:\/\/www.kocglobalgroup.com.tr\/wp-content\/uploads\/2024\/08\/koc-global-bakliyat-1024x583.jpg 1024w, https:\/\/www.kocglobalgroup.com.tr\/wp-content\/uploads\/2024\/08\/koc-global-bakliyat-768x437.jpg 768w, https:\/\/www.kocglobalgroup.com.tr\/wp-content\/uploads\/2024\/08\/koc-global-bakliyat-370x211.jpg 370w, https:\/\/www.kocglobalgroup.com.tr\/wp-content\/uploads\/2024\/08\/koc-global-bakliyat-1200x683.jpg 1200w, https:\/\/www.kocglobalgroup.com.tr\/wp-content\/uploads\/2024\/08\/koc-global-bakliyat-360x205.jpg 360w\" sizes=\"auto, (max-width: 1300px) 100vw, 1300px\" \/><\/div>\n\t\t<\/figure>\n\t<\/div>\n<\/div><\/div><\/div><div class=\"wpb_column vc_column_container vc_col-sm-6\"><div class=\"vc_column-inner\"><div class=\"wpb_wrapper\">\n\t<div class=\"wpb_text_column wpb_content_element\" >\n\t\t<div class=\"wpb_wrapper\">\n\t\t\t<p><em><strong>Ko\u00e7 Global Group<\/strong><\/em> As our goal, we prioritize customer satisfaction without compromising on hygienic conditions and quality. We also develop our products by taking into account the expectations and needs of our customers. We come together with our suppliers and focus on the solutions we can produce. We monitor the performance of our suppliers and after our evaluations, <strong><em>Legumes, <\/em><\/strong><strong><em>Nuts, Spices<\/em><\/strong>\u00a0 We ensure that food products such as reach you.<\/p>\n<p><em>Ko\u00e7 Global Group<\/em>, its fields of activity include regionally demanded products as well as the leading and well-known brands of the sector. In food groups, wholesale sales of leading and well-known brands are carried out for our customers at always affordable prices and payment conditions.<\/p>\n<p>It is a constantly growing and developing company with its expert and senior managers and its employees who are strengthened with various professional trainings, especially the Quality Management System. <em>Ko\u00e7 Global Group<\/em> b\u00fcnyesinde, m\u00fc\u015fterilerine hizmet vermektedir.<\/p>\n<p><em>Ko\u00e7 Global Group<\/em>continues to contribute to the Turkish economy by creating employment.<\/p>\n\n\t\t<\/div>\n\t<\/div>\n<\/div><\/div><\/div><\/div>\n<\/div>","protected":false},"excerpt":{"rendered":"Bakliyat \u0130nceleyiniz Kuruyemi\u015f \u0130nceleyiniz Baharat \u0130nceleyiniz Ko\u00e7 Global Group olarak hedefimiz hijyenik ko\u015fullardan ve kaliteden, asla \u00f6d\u00fcn vermeden m\u00fc\u015fteri memnuniyetini \u00f6n planda tutmaktad\u0131r. Ayr\u0131ca m\u00fc\u015fterilerimizin beklentilerini ve ihtiya\u00e7lar\u0131n\u0131 g\u00f6z \u00f6n\u00fcnde bulundurarak \u00fcr\u00fcnlerimizi geli\u015ftiriyoruz. Tedarik\u00e7ilerimizle bir araya geliyor, \u00fcretebilece\u011fimiz \u00e7\u00f6z\u00fcmler \u00fczerinde...","protected":false},"author":1,"featured_media":0,"parent":0,"menu_order":0,"comment_status":"closed","ping_status":"closed","template":"","meta":{"footnotes":""},"class_list":["post-871","page","type-page","status-publish","hentry"],"_links":{"self":[{"href":"https:\/\/www.kocglobalgroup.com.tr\/en\/wp-json\/wp\/v2\/pages\/871","targetHints":{"allow":["GET"]}}],"collection":[{"href":"https:\/\/www.kocglobalgroup.com.tr\/en\/wp-json\/wp\/v2\/pages"}],"about":[{"href":"https:\/\/www.kocglobalgroup.com.tr\/en\/wp-json\/wp\/v2\/types\/page"}],"author":[{"embeddable":true,"href":"https:\/\/www.kocglobalgroup.com.tr\/en\/wp-json\/wp\/v2\/users\/1"}],"replies":[{"embeddable":true,"href":"https:\/\/www.kocglobalgroup.com.tr\/en\/wp-json\/wp\/v2\/comments?post=871"}],"version-history":[{"count":6,"href":"https:\/\/www.kocglobalgroup.com.tr\/en\/wp-json\/wp\/v2\/pages\/871\/revisions"}],"predecessor-version":[{"id":1119,"href":"https:\/\/www.kocglobalgroup.com.tr\/en\/wp-json\/wp\/v2\/pages\/871\/revisions\/1119"}],"wp:attachment":[{"href":"https:\/\/www.kocglobalgroup.com.tr\/en\/wp-json\/wp\/v2\/media?parent=871"}],"curies":[{"name":"wp","href":"https:\/\/api.w.org\/{rel}","templated":true}]}}