{"id":877,"date":"2024-08-25T00:47:28","date_gmt":"2024-08-24T21:47:28","guid":{"rendered":"https:\/\/www.kocglobalgroup.com.tr\/?page_id=877"},"modified":"2024-08-25T00:47:28","modified_gmt":"2024-08-24T21:47:28","slug":"iletisim","status":"publish","type":"page","link":"https:\/\/www.kocglobalgroup.com.tr\/en\/iletisim\/","title":{"rendered":"COMMUNICATION"},"content":{"rendered":"<div class=\"wpb-content-wrapper\"><div class=\"vc_row wpb_row vc_row-fluid vc_custom_1561411833155\"><div class=\"wpb_column vc_column_container vc_col-sm-6\"><div class=\"vc_column-inner\"><div class=\"wpb_wrapper\"><div class=\"vc_empty_space\"   style=\"height: 15px\"><span class=\"vc_empty_space_inner\"><\/span><\/div>\n\t<div class=\"wpb_text_column wpb_content_element wpb_animate_when_almost_visible wpb_fadeInLeft fadeInLeft\" >\n\t\t<div class=\"wpb_wrapper\">\n\t\t\t<p><strong>KO\u00c7 GLOBAL GROUP INDUSTRY AND TRADE<\/strong><\/p>\n<p><strong>Address: <\/strong>K\u00fcsget Sanayi Sitesi, 60038 No&#8217;lu Cad. No:64\/B, 27110 \u015eehitkamil\/Gaziantep<\/p>\n<p><strong>E-Mail:<\/strong> info@kocglobalgroup.com.tr<\/p>\n\n\t\t<\/div>\n\t<\/div>\n<\/div><\/div><\/div><div class=\"wpb_column vc_column_container vc_col-sm-6\"><div class=\"vc_column-inner\"><div class=\"wpb_wrapper\">\n\t<div class=\"wpb_text_column wpb_content_element\" >\n\t\t<div class=\"wpb_wrapper\">\n\t\t\t<p><iframe loading=\"lazy\" style=\"border: 0;\" src=\"https:\/\/www.google.com\/maps\/embed?pb=!1m18!1m12!1m3!1d3183.3994666591702!2d37.43156138185979!3d37.07179168060513!2m3!1f0!2f0!3f0!3m2!1i1024!2i768!4f13.1!3m3!1m2!1s0x1531e5c89c0cde31%3A0x302714012acd2f44!2sSanayi%2C%2060038.%20Cd.%2C%2027110%20%C5%9Eehitkamil%2FGaziantep!5e0!3m2!1str!2str!4v1724407189278!5m2!1str!2str\" width=\"600\" height=\"450\" allowfullscreen=\"allowfullscreen\"><\/iframe><\/p>\n\n\t\t<\/div>\n\t<\/div>\n<\/div><\/div><\/div><\/div>\n<\/div>","protected":false},"excerpt":{"rendered":"KO\u00c7 GLOBAL GROUP\u00a0 SANAY\u0130 VE T\u0130CARET Adres : K\u00fcsget Sanayi Sitesi, 60038 No'lu Cad. No:64\/B, 27110 \u015eehitkamil\/Gaziantep E-Mail : info@kocglobalgroup.com.tr","protected":false},"author":1,"featured_media":0,"parent":0,"menu_order":0,"comment_status":"closed","ping_status":"closed","template":"","meta":{"footnotes":""},"class_list":["post-877","page","type-page","status-publish","hentry"],"_links":{"self":[{"href":"https:\/\/www.kocglobalgroup.com.tr\/en\/wp-json\/wp\/v2\/pages\/877","targetHints":{"allow":["GET"]}}],"collection":[{"href":"https:\/\/www.kocglobalgroup.com.tr\/en\/wp-json\/wp\/v2\/pages"}],"about":[{"href":"https:\/\/www.kocglobalgroup.com.tr\/en\/wp-json\/wp\/v2\/types\/page"}],"author":[{"embeddable":true,"href":"https:\/\/www.kocglobalgroup.com.tr\/en\/wp-json\/wp\/v2\/users\/1"}],"replies":[{"embeddable":true,"href":"https:\/\/www.kocglobalgroup.com.tr\/en\/wp-json\/wp\/v2\/comments?post=877"}],"version-history":[{"count":1,"href":"https:\/\/www.kocglobalgroup.com.tr\/en\/wp-json\/wp\/v2\/pages\/877\/revisions"}],"predecessor-version":[{"id":878,"href":"https:\/\/www.kocglobalgroup.com.tr\/en\/wp-json\/wp\/v2\/pages\/877\/revisions\/878"}],"wp:attachment":[{"href":"https:\/\/www.kocglobalgroup.com.tr\/en\/wp-json\/wp\/v2\/media?parent=877"}],"curies":[{"name":"wp","href":"https:\/\/api.w.org\/{rel}","templated":true}]}}