{"id":879,"date":"2024-08-25T00:48:03","date_gmt":"2024-08-24T21:48:03","guid":{"rendered":"https:\/\/www.kocglobalgroup.com.tr\/?page_id=879"},"modified":"2024-08-25T00:53:43","modified_gmt":"2024-08-24T21:53:43","slug":"kurumsal","status":"publish","type":"page","link":"https:\/\/www.kocglobalgroup.com.tr\/en\/kurumsal\/","title":{"rendered":"INSTITUTIONAL"},"content":{"rendered":"<div class=\"wpb-content-wrapper\"><div class=\"vc_row wpb_row vc_row-fluid\"><div class=\"wpb_column vc_column_container vc_col-sm-6\"><div class=\"vc_column-inner\"><div class=\"wpb_wrapper\"><div class=\"vc_empty_space\"   style=\"height: 45px\"><span class=\"vc_empty_space_inner\"><\/span><\/div>\n\t<div  class=\"wpb_single_image wpb_content_element vc_align_center wpb_content_element\">\n\t\t\n\t\t<figure class=\"wpb_wrapper vc_figure\">\n\t\t\t<div class=\"vc_single_image-wrapper   vc_box_border_grey\"><img loading=\"lazy\" decoding=\"async\" width=\"1200\" height=\"800\" src=\"https:\/\/www.kocglobalgroup.com.tr\/wp-content\/uploads\/2024\/08\/koc-global-group.jpg\" class=\"vc_single_image-img attachment-full\" alt=\"\" title=\"koc-global-group\" srcset=\"https:\/\/www.kocglobalgroup.com.tr\/wp-content\/uploads\/2024\/08\/koc-global-group.jpg 1200w, https:\/\/www.kocglobalgroup.com.tr\/wp-content\/uploads\/2024\/08\/koc-global-group-300x200.jpg 300w, https:\/\/www.kocglobalgroup.com.tr\/wp-content\/uploads\/2024\/08\/koc-global-group-1024x683.jpg 1024w, https:\/\/www.kocglobalgroup.com.tr\/wp-content\/uploads\/2024\/08\/koc-global-group-768x512.jpg 768w, https:\/\/www.kocglobalgroup.com.tr\/wp-content\/uploads\/2024\/08\/koc-global-group-370x247.jpg 370w, https:\/\/www.kocglobalgroup.com.tr\/wp-content\/uploads\/2024\/08\/koc-global-group-360x240.jpg 360w\" sizes=\"auto, (max-width: 1200px) 100vw, 1200px\" \/><\/div>\n\t\t<\/figure>\n\t<\/div>\n<\/div><\/div><\/div><div class=\"wpb_column vc_column_container vc_col-sm-6\"><div class=\"vc_column-inner\"><div class=\"wpb_wrapper\">\n\t<div class=\"wpb_text_column wpb_content_element\" >\n\t\t<div class=\"wpb_wrapper\">\n\t\t\t<p><em><strong>Ko\u00e7 Global Group<\/strong><\/em> aspect; Since our establishment, we have been continuing our work by personally pioneering innovations and developments in the industrial materials sector in the changing times. Our work has always reflected the best quality standards for our customers and has been cited as examples of high quality.<br \/>\nWith this pride and enthusiasm, our company takes great pleasure in making you, our valued customers, feel that it is always there for you, during and after the service, by offering its products and services professionally.<\/p>\n<p>The \"quality\" we offer in line with our portfolio and principles, which has been ongoing and developing since the past, is the strongest evidence of the seriousness and importance of our work.<\/p>\n<p>We have no doubt that the energy and inspiration we receive from you, our valued customers, will lead us to achieve our positive goals for the future.<br \/>\nIn this journey we started with you, the solid dialogues and friendship bridges we have established strengthen our relations within the framework of cooperation day by day.<br \/>\nIt is this encouragement and motivation from you that always makes us strong against the factors that threaten our economy and other hindering factors.<\/p>\n\n\t\t<\/div>\n\t<\/div>\n<\/div><\/div><\/div><\/div>\n<\/div>","protected":false},"excerpt":{"rendered":"Ko\u00e7 Global Group olarak; kurulu\u015fumuzdan bu yana, de\u011fi\u015fen zaman i\u00e7inde, end\u00fcstriyel malzeme sekt\u00f6r\u00fcndeki yenilik ve geli\u015fmelere bizzat \u00f6nc\u00fcl\u00fck ederek \u00e7al\u0131\u015fmalar\u0131m\u0131z\u0131 s\u00fcrd\u00fcrmekteyiz. Yapt\u0131\u011f\u0131m\u0131z i\u015fler daima m\u00fc\u015fterilerimiz i\u00e7in en iyi kalite standartlar\u0131n\u0131 yans\u0131tm\u0131\u015ft\u0131r ve y\u00fcksek kalite \u00f6rnekleri olarak g\u00f6sterilmi\u015ftir. Edindi\u011fimiz bu gurur...","protected":false},"author":1,"featured_media":0,"parent":0,"menu_order":0,"comment_status":"closed","ping_status":"closed","template":"","meta":{"footnotes":""},"class_list":["post-879","page","type-page","status-publish","hentry"],"_links":{"self":[{"href":"https:\/\/www.kocglobalgroup.com.tr\/en\/wp-json\/wp\/v2\/pages\/879","targetHints":{"allow":["GET"]}}],"collection":[{"href":"https:\/\/www.kocglobalgroup.com.tr\/en\/wp-json\/wp\/v2\/pages"}],"about":[{"href":"https:\/\/www.kocglobalgroup.com.tr\/en\/wp-json\/wp\/v2\/types\/page"}],"author":[{"embeddable":true,"href":"https:\/\/www.kocglobalgroup.com.tr\/en\/wp-json\/wp\/v2\/users\/1"}],"replies":[{"embeddable":true,"href":"https:\/\/www.kocglobalgroup.com.tr\/en\/wp-json\/wp\/v2\/comments?post=879"}],"version-history":[{"count":3,"href":"https:\/\/www.kocglobalgroup.com.tr\/en\/wp-json\/wp\/v2\/pages\/879\/revisions"}],"predecessor-version":[{"id":892,"href":"https:\/\/www.kocglobalgroup.com.tr\/en\/wp-json\/wp\/v2\/pages\/879\/revisions\/892"}],"wp:attachment":[{"href":"https:\/\/www.kocglobalgroup.com.tr\/en\/wp-json\/wp\/v2\/media?parent=879"}],"curies":[{"name":"wp","href":"https:\/\/api.w.org\/{rel}","templated":true}]}}